{"id":553,"date":"2026-04-12T15:43:02","date_gmt":"2026-04-12T15:43:02","guid":{"rendered":"https:\/\/silk-pajamas.com\/22-momme-charmeuse-silk-nightgown-robe-set-piped-supplier\/"},"modified":"2026-05-09T09:50:10","modified_gmt":"2026-05-09T09:50:10","slug":"22-momme-charmeuse-silk-nightgown-robe-set-piped-supplier","status":"publish","type":"product","link":"https:\/\/silk-pajamas.com\/pt\/22-momme-charmeuse-silk-nightgown-robe-set-piped-supplier\/","title":{"rendered":"22 Momme Charmeuse Seda Conjunto de camisa de noite Roup\u00e3o de seda com canelado Fornecedor"},"content":{"rendered":"<p>Confeccionado em seda charmeuse 22 momme, este conjunto de camisa de noite e robe a condizer \u00e9 resistente \u00e0s rugas, tem um toque suave na pele e um movimento elegante. A constru\u00e7\u00e3o com debrum e a cor lil\u00e1s mant\u00eam o look polido para mulher. Dispon\u00edvel em S, M, L, XL. Lavar \u00e0 m\u00e3o a frio ou utilizar um ciclo suave.<\/p>","protected":false},"excerpt":{"rendered":"<p>22 Conjunto de camisa de noite e robe em seda Momme Charmeuse a condizer em lil\u00e1s. Acabamento com canelado, toque resistente \u00e0s rugas e tamanhos S, M, L, XL. Concebido para as mulheres.<\/p>","protected":false},"featured_media":2472,"template":"","meta":{"_gspb_post_css":""},"product_brand":[],"product_cat":[23],"product_tag":[92,93,94],"class_list":{"0":"post-553","1":"product","2":"type-product","3":"status-publish","4":"has-post-thumbnail","6":"product_cat-silk-nightgown-robe-set","7":"product_tag-22-momme-silk-nightgown-robe-set-lilac","8":"product_tag-charmeuse-silk-nightgown-robe-set-piped","9":"product_tag-wholesale-silk-nightgown-robe-set-for-women","11":"first","12":"instock","13":"shipping-taxable","14":"purchasable","15":"product-type-simple"},"_links":{"self":[{"href":"https:\/\/silk-pajamas.com\/pt\/wp-json\/wp\/v2\/product\/553","targetHints":{"allow":["GET"]}}],"collection":[{"href":"https:\/\/silk-pajamas.com\/pt\/wp-json\/wp\/v2\/product"}],"about":[{"href":"https:\/\/silk-pajamas.com\/pt\/wp-json\/wp\/v2\/types\/product"}],"wp:featuredmedia":[{"embeddable":true,"href":"https:\/\/silk-pajamas.com\/pt\/wp-json\/wp\/v2\/media\/2472"}],"wp:attachment":[{"href":"https:\/\/silk-pajamas.com\/pt\/wp-json\/wp\/v2\/media?parent=553"}],"wp:term":[{"taxonomy":"product_brand","embeddable":true,"href":"https:\/\/silk-pajamas.com\/pt\/wp-json\/wp\/v2\/product_brand?post=553"},{"taxonomy":"product_cat","embeddable":true,"href":"https:\/\/silk-pajamas.com\/pt\/wp-json\/wp\/v2\/product_cat?post=553"},{"taxonomy":"product_tag","embeddable":true,"href":"https:\/\/silk-pajamas.com\/pt\/wp-json\/wp\/v2\/product_tag?post=553"}],"curies":[{"name":"wp","href":"https:\/\/api.w.org\/{rel}","templated":true}]}}