{"id":554,"date":"2026-04-12T15:43:02","date_gmt":"2026-04-12T15:43:02","guid":{"rendered":"https:\/\/silk-pajamas.com\/22-momme-mulberry-silk-robe-nightgown-set-bias-cut-champagne\/"},"modified":"2026-05-09T09:50:35","modified_gmt":"2026-05-09T09:50:35","slug":"22-momme-mulberry-silk-robe-nightgown-set-bias-cut-champagne","status":"publish","type":"product","link":"https:\/\/silk-pajamas.com\/pt\/22-momme-mulberry-silk-robe-nightgown-set-bias-cut-champagne\/","title":{"rendered":"22 Conjunto de camisa de noite Momme Mulberry Silk Robe Bias Cut Champagne"},"content":{"rendered":"<p>Feito com seda de amora de 22 momme, este conjunto de camisa de noite e roup\u00e3o a condizer oferece regula\u00e7\u00e3o t\u00e9rmica, toque suave na pele e movimento elegante. A constru\u00e7\u00e3o de corte enviesado e a cor champanhe mant\u00eam o visual polido para programas de spa. Dispon\u00edvel em XL, XXL, 3XL, 4XL. Lavar \u00e0 m\u00e3o a frio ou utilizar um ciclo suave.<\/p>","protected":false},"excerpt":{"rendered":"<p>22 Conjunto de camisa de noite e robe em seda Momme Mulberry a condizer em champanhe. Acabamento Bias Cut, toque termo-regulador e gama de tamanhos XL, XXL, 3XL, 4XL. Concebido para programas de spa.<\/p>","protected":false},"featured_media":2491,"template":"","meta":{"_gspb_post_css":""},"product_brand":[],"product_cat":[23],"product_tag":[95,96,97],"class_list":{"0":"post-554","1":"product","2":"type-product","3":"status-publish","4":"has-post-thumbnail","6":"product_cat-silk-nightgown-robe-set","7":"product_tag-22-momme-silk-nightgown-robe-set-champagne","8":"product_tag-mulberry-silk-nightgown-robe-set-bias-cut","9":"product_tag-vendor-silk-nightgown-robe-set-for-spa-programs","11":"first","12":"instock","13":"shipping-taxable","14":"purchasable","15":"product-type-simple"},"_links":{"self":[{"href":"https:\/\/silk-pajamas.com\/pt\/wp-json\/wp\/v2\/product\/554","targetHints":{"allow":["GET"]}}],"collection":[{"href":"https:\/\/silk-pajamas.com\/pt\/wp-json\/wp\/v2\/product"}],"about":[{"href":"https:\/\/silk-pajamas.com\/pt\/wp-json\/wp\/v2\/types\/product"}],"wp:featuredmedia":[{"embeddable":true,"href":"https:\/\/silk-pajamas.com\/pt\/wp-json\/wp\/v2\/media\/2491"}],"wp:attachment":[{"href":"https:\/\/silk-pajamas.com\/pt\/wp-json\/wp\/v2\/media?parent=554"}],"wp:term":[{"taxonomy":"product_brand","embeddable":true,"href":"https:\/\/silk-pajamas.com\/pt\/wp-json\/wp\/v2\/product_brand?post=554"},{"taxonomy":"product_cat","embeddable":true,"href":"https:\/\/silk-pajamas.com\/pt\/wp-json\/wp\/v2\/product_cat?post=554"},{"taxonomy":"product_tag","embeddable":true,"href":"https:\/\/silk-pajamas.com\/pt\/wp-json\/wp\/v2\/product_tag?post=554"}],"curies":[{"name":"wp","href":"https:\/\/api.w.org\/{rel}","templated":true}]}}