{"id":558,"date":"2026-04-12T15:43:02","date_gmt":"2026-04-12T15:43:02","guid":{"rendered":"https:\/\/silk-pajamas.com\/19-momme-charmeuse-silk-nightgown-robe-set-bias-cut-wine\/"},"modified":"2026-05-09T10:00:12","modified_gmt":"2026-05-09T10:00:12","slug":"19-momme-charmeuse-silk-nightgown-robe-set-bias-cut-wine","status":"publish","type":"product","link":"https:\/\/silk-pajamas.com\/pt\/19-momme-charmeuse-silk-nightgown-robe-set-bias-cut-wine\/","title":{"rendered":"19 Momme Charmeuse Seda Conjunto de camisa de noite Bias Cut Wine"},"content":{"rendered":"<p>Este conjunto de camisa de noite e robe a condizer \u00e9 feito de seda momme charmeuse 19 num tom de vinho. Apresenta um corte enviesado, um toque suave e um drapeado confort\u00e1vel para conjuntos de oferta. O estilo \u00e9 compat\u00edvel com os tamanhos S, M, L, XL e funciona bem para usar na primavera, para oferecer e para o conforto di\u00e1rio. Lavar \u00e0 m\u00e3o a frio ou utilizar um ciclo suave.<\/p>","protected":false},"excerpt":{"rendered":"<p>19 Conjunto de camisa de noite e robe em seda Momme Charmeuse a condizer em vinho. Acabamento Bias Cut, toque suave e gama de tamanhos S, M, L, XL. Concebido para conjuntos de oferta.<\/p>","protected":false},"featured_media":2532,"template":"","meta":{"_gspb_post_css":""},"product_brand":[],"product_cat":[23],"product_tag":[98,105,106],"class_list":{"0":"post-558","1":"product","2":"type-product","3":"status-publish","4":"has-post-thumbnail","6":"product_cat-silk-nightgown-robe-set","7":"product_tag-19-momme-silk-nightgown-robe-set-wine","8":"product_tag-charmeuse-silk-nightgown-robe-set-bias-cut","9":"product_tag-vendor-silk-nightgown-robe-set-for-gift-assortments","11":"first","12":"instock","13":"shipping-taxable","14":"purchasable","15":"product-type-simple"},"_links":{"self":[{"href":"https:\/\/silk-pajamas.com\/pt\/wp-json\/wp\/v2\/product\/558","targetHints":{"allow":["GET"]}}],"collection":[{"href":"https:\/\/silk-pajamas.com\/pt\/wp-json\/wp\/v2\/product"}],"about":[{"href":"https:\/\/silk-pajamas.com\/pt\/wp-json\/wp\/v2\/types\/product"}],"wp:featuredmedia":[{"embeddable":true,"href":"https:\/\/silk-pajamas.com\/pt\/wp-json\/wp\/v2\/media\/2532"}],"wp:attachment":[{"href":"https:\/\/silk-pajamas.com\/pt\/wp-json\/wp\/v2\/media?parent=558"}],"wp:term":[{"taxonomy":"product_brand","embeddable":true,"href":"https:\/\/silk-pajamas.com\/pt\/wp-json\/wp\/v2\/product_brand?post=558"},{"taxonomy":"product_cat","embeddable":true,"href":"https:\/\/silk-pajamas.com\/pt\/wp-json\/wp\/v2\/product_cat?post=558"},{"taxonomy":"product_tag","embeddable":true,"href":"https:\/\/silk-pajamas.com\/pt\/wp-json\/wp\/v2\/product_tag?post=558"}],"curies":[{"name":"wp","href":"https:\/\/api.w.org\/{rel}","templated":true}]}}