{"id":559,"date":"2026-04-12T15:43:02","date_gmt":"2026-04-12T15:43:02","guid":{"rendered":"https:\/\/silk-pajamas.com\/16-momme-sandwashed-silk-robe-nightgown-set-lace-trim-lilac\/"},"modified":"2026-05-09T10:01:51","modified_gmt":"2026-05-09T10:01:51","slug":"16-momme-sandwashed-silk-robe-nightgown-set-lace-trim-lilac","status":"publish","type":"product","link":"https:\/\/silk-pajamas.com\/pt\/16-momme-sandwashed-silk-robe-nightgown-set-lace-trim-lilac\/","title":{"rendered":"16 Momme Conjunto de camisa de noite com roup\u00e3o de seda lavado com renda Lil\u00e1s"},"content":{"rendered":"<p>Confeccionado em seda lavada de 16 mm, este conjunto de camisa de noite e robe a condizer combina detalhes de renda com um brilho suave e um toque respir\u00e1vel. O acabamento lil\u00e1s confere-lhe um aspeto requintado, enquanto os tamanhos Custom ajudam a satisfazer as principais necessidades. Adequado para conjuntos de oferta e guarda-roupas de todas as esta\u00e7\u00f5es. Lavar \u00e0 m\u00e3o a frio ou utilizar um ciclo suave.<\/p>","protected":false},"excerpt":{"rendered":"<p>Conjunto de camisa de noite e robe em seda 16 Momme Sandwashed a condizer em Lil\u00e1s. Acabamento em renda, toque respir\u00e1vel e gama de tamanhos personalizada. Concebido para os conjuntos de oferta.<\/p>","protected":false},"featured_media":2534,"template":"","meta":{"_gspb_post_css":""},"product_brand":[],"product_cat":[23],"product_tag":[107,108,109],"class_list":{"0":"post-559","1":"product","2":"type-product","3":"status-publish","4":"has-post-thumbnail","6":"product_cat-silk-nightgown-robe-set","7":"product_tag-16-momme-silk-nightgown-robe-set-lilac","8":"product_tag-sandwashed-silk-nightgown-robe-set-lace-trim","9":"product_tag-supplier-silk-nightgown-robe-set-for-gift-assortments","11":"first","12":"instock","13":"shipping-taxable","14":"purchasable","15":"product-type-simple"},"_links":{"self":[{"href":"https:\/\/silk-pajamas.com\/pt\/wp-json\/wp\/v2\/product\/559","targetHints":{"allow":["GET"]}}],"collection":[{"href":"https:\/\/silk-pajamas.com\/pt\/wp-json\/wp\/v2\/product"}],"about":[{"href":"https:\/\/silk-pajamas.com\/pt\/wp-json\/wp\/v2\/types\/product"}],"wp:featuredmedia":[{"embeddable":true,"href":"https:\/\/silk-pajamas.com\/pt\/wp-json\/wp\/v2\/media\/2534"}],"wp:attachment":[{"href":"https:\/\/silk-pajamas.com\/pt\/wp-json\/wp\/v2\/media?parent=559"}],"wp:term":[{"taxonomy":"product_brand","embeddable":true,"href":"https:\/\/silk-pajamas.com\/pt\/wp-json\/wp\/v2\/product_brand?post=559"},{"taxonomy":"product_cat","embeddable":true,"href":"https:\/\/silk-pajamas.com\/pt\/wp-json\/wp\/v2\/product_cat?post=559"},{"taxonomy":"product_tag","embeddable":true,"href":"https:\/\/silk-pajamas.com\/pt\/wp-json\/wp\/v2\/product_tag?post=559"}],"curies":[{"name":"wp","href":"https:\/\/api.w.org\/{rel}","templated":true}]}}