{"id":563,"date":"2026-04-12T15:43:06","date_gmt":"2026-04-12T15:43:06","guid":{"rendered":"https:\/\/silk-pajamas.com\/16-momme-sandwashed-silk-nightgown-robe-set-lace-trim-black\/"},"modified":"2026-05-09T09:35:19","modified_gmt":"2026-05-09T09:35:19","slug":"16-momme-sandwashed-silk-nightgown-robe-set-lace-trim-black","status":"publish","type":"product","link":"https:\/\/silk-pajamas.com\/pt\/16-momme-sandwashed-silk-nightgown-robe-set-lace-trim-black\/","title":{"rendered":"16 Momme Conjunto de camisa de noite em seda lavada Conjunto de roup\u00e3o com renda Preto"},"content":{"rendered":"<p>Fabricado com seda de 16 mm, este conjunto de camisa de noite e roup\u00e3o a condizer oferece regula\u00e7\u00e3o t\u00e9rmica, toque suave na pele e movimento elegante. A constru\u00e7\u00e3o com acabamento em renda e a cor preta mant\u00eam o visual polido para programas de spa. Dispon\u00edvel em S, M, L, XL. Lavar \u00e0 m\u00e3o a frio ou utilizar um ciclo suave.<\/p>","protected":false},"excerpt":{"rendered":"<p>Conjunto de camisa de noite e robe em seda 16 Momme Sandwashed a condizer em preto. Acabamento em renda, toque termo-regulador e gama de tamanhos S, M, L, XL. Concebido para programas de spa.<\/p>","protected":false},"featured_media":2501,"template":"","meta":{"_gspb_post_css":""},"product_brand":[],"product_cat":[23],"product_tag":[116,108,113],"class_list":{"0":"post-563","1":"product","2":"type-product","3":"status-publish","4":"has-post-thumbnail","6":"product_cat-silk-nightgown-robe-set","7":"product_tag-16-momme-silk-nightgown-robe-set-black","8":"product_tag-sandwashed-silk-nightgown-robe-set-lace-trim","9":"product_tag-supplier-silk-nightgown-robe-set-for-spa-programs","11":"first","12":"instock","13":"shipping-taxable","14":"purchasable","15":"product-type-simple"},"_links":{"self":[{"href":"https:\/\/silk-pajamas.com\/pt\/wp-json\/wp\/v2\/product\/563","targetHints":{"allow":["GET"]}}],"collection":[{"href":"https:\/\/silk-pajamas.com\/pt\/wp-json\/wp\/v2\/product"}],"about":[{"href":"https:\/\/silk-pajamas.com\/pt\/wp-json\/wp\/v2\/types\/product"}],"wp:featuredmedia":[{"embeddable":true,"href":"https:\/\/silk-pajamas.com\/pt\/wp-json\/wp\/v2\/media\/2501"}],"wp:attachment":[{"href":"https:\/\/silk-pajamas.com\/pt\/wp-json\/wp\/v2\/media?parent=563"}],"wp:term":[{"taxonomy":"product_brand","embeddable":true,"href":"https:\/\/silk-pajamas.com\/pt\/wp-json\/wp\/v2\/product_brand?post=563"},{"taxonomy":"product_cat","embeddable":true,"href":"https:\/\/silk-pajamas.com\/pt\/wp-json\/wp\/v2\/product_cat?post=563"},{"taxonomy":"product_tag","embeddable":true,"href":"https:\/\/silk-pajamas.com\/pt\/wp-json\/wp\/v2\/product_tag?post=563"}],"curies":[{"name":"wp","href":"https:\/\/api.w.org\/{rel}","templated":true}]}}