{"id":564,"date":"2026-04-12T15:43:06","date_gmt":"2026-04-12T15:43:06","guid":{"rendered":"https:\/\/silk-pajamas.com\/16-momme-crepe-silk-robe-nightgown-set-belted-manufacturer\/"},"modified":"2026-05-09T09:37:23","modified_gmt":"2026-05-09T09:37:23","slug":"16-momme-crepe-silk-robe-nightgown-set-belted-manufacturer","status":"publish","type":"product","link":"https:\/\/silk-pajamas.com\/pt\/16-momme-crepe-silk-robe-nightgown-set-belted-manufacturer\/","title":{"rendered":"16 Momme Crepe Seda Robe Camisa de noite Conjunto com cinto Fabricante"},"content":{"rendered":"<p>Fabricado em crepe de seda 16 momme, este conjunto de camisa de noite e robe a condizer oferece um toque leve e suave na pele e um movimento elegante. A constru\u00e7\u00e3o com cinto e a cor champanhe mant\u00eam o look polido para mulher. Dispon\u00edvel em XS, S, M, L, XL, XXL. Lavar \u00e0 m\u00e3o a frio ou utilizar um ciclo suave.<\/p>","protected":false},"excerpt":{"rendered":"<p>16 Conjunto de camisa de noite e robe em seda Momme Crepe a condizer em champanhe. Acabamento com cinto, toque leve e gama de tamanhos XS, S, M, L, XL, XXL. Concebido para as mulheres.<\/p>","protected":false},"featured_media":2511,"template":"","meta":{"_gspb_post_css":""},"product_brand":[],"product_cat":[23],"product_tag":[117,112,118],"class_list":{"0":"post-564","1":"product","2":"type-product","3":"status-publish","4":"has-post-thumbnail","6":"product_cat-silk-nightgown-robe-set","7":"product_tag-16-momme-silk-nightgown-robe-set-champagne","8":"product_tag-crepe-silk-nightgown-robe-set-belted","9":"product_tag-manufacturer-silk-nightgown-robe-set-for-women","11":"first","12":"instock","13":"shipping-taxable","14":"purchasable","15":"product-type-simple"},"_links":{"self":[{"href":"https:\/\/silk-pajamas.com\/pt\/wp-json\/wp\/v2\/product\/564","targetHints":{"allow":["GET"]}}],"collection":[{"href":"https:\/\/silk-pajamas.com\/pt\/wp-json\/wp\/v2\/product"}],"about":[{"href":"https:\/\/silk-pajamas.com\/pt\/wp-json\/wp\/v2\/types\/product"}],"wp:featuredmedia":[{"embeddable":true,"href":"https:\/\/silk-pajamas.com\/pt\/wp-json\/wp\/v2\/media\/2511"}],"wp:attachment":[{"href":"https:\/\/silk-pajamas.com\/pt\/wp-json\/wp\/v2\/media?parent=564"}],"wp:term":[{"taxonomy":"product_brand","embeddable":true,"href":"https:\/\/silk-pajamas.com\/pt\/wp-json\/wp\/v2\/product_brand?post=564"},{"taxonomy":"product_cat","embeddable":true,"href":"https:\/\/silk-pajamas.com\/pt\/wp-json\/wp\/v2\/product_cat?post=564"},{"taxonomy":"product_tag","embeddable":true,"href":"https:\/\/silk-pajamas.com\/pt\/wp-json\/wp\/v2\/product_tag?post=564"}],"curies":[{"name":"wp","href":"https:\/\/api.w.org\/{rel}","templated":true}]}}