{"id":565,"date":"2026-04-12T15:43:06","date_gmt":"2026-04-12T15:43:06","guid":{"rendered":"https:\/\/silk-pajamas.com\/22-momme-mulberry-silk-nightgown-robe-set-french-seam-black\/"},"modified":"2026-05-09T09:38:50","modified_gmt":"2026-05-09T09:38:50","slug":"22-momme-mulberry-silk-nightgown-robe-set-french-seam-black","status":"publish","type":"product","link":"https:\/\/silk-pajamas.com\/pt\/22-momme-mulberry-silk-nightgown-robe-set-french-seam-black\/","title":{"rendered":"22 Momme Mulberry Silk Nightgown Set French Seam Preto"},"content":{"rendered":"<p>Fabricado com seda de amora 22 momme, este conjunto de camisa de noite e robe a condizer proporciona uma sensa\u00e7\u00e3o de pele suave e respir\u00e1vel e um movimento elegante. A constru\u00e7\u00e3o com costuras francesas e a cor preta mant\u00eam o aspeto polido para conjuntos de prendas. Dispon\u00edvel em XS, S, M, L, XL, XXL. Lavar \u00e0 m\u00e3o a frio ou utilizar um ciclo suave.<\/p>","protected":false},"excerpt":{"rendered":"<p>22 Conjunto de camisa de noite e robe em seda Momme Mulberry a condizer em preto. Acabamento com costura francesa, toque respir\u00e1vel e gama de tamanhos XS, S, M, L, XL, XXL. Concebido para os conjuntos de oferta.<\/p>","protected":false},"featured_media":2516,"template":"","meta":{"_gspb_post_css":""},"product_brand":[],"product_cat":[23],"product_tag":[119,100,120],"class_list":{"0":"post-565","1":"product","2":"type-product","3":"status-publish","4":"has-post-thumbnail","6":"product_cat-silk-nightgown-robe-set","7":"product_tag-22-momme-silk-nightgown-robe-set-black","8":"product_tag-factory-silk-nightgown-robe-set-for-gift-assortments","9":"product_tag-mulberry-silk-nightgown-robe-set-french-seam","11":"first","12":"instock","13":"shipping-taxable","14":"purchasable","15":"product-type-simple"},"_links":{"self":[{"href":"https:\/\/silk-pajamas.com\/pt\/wp-json\/wp\/v2\/product\/565","targetHints":{"allow":["GET"]}}],"collection":[{"href":"https:\/\/silk-pajamas.com\/pt\/wp-json\/wp\/v2\/product"}],"about":[{"href":"https:\/\/silk-pajamas.com\/pt\/wp-json\/wp\/v2\/types\/product"}],"wp:featuredmedia":[{"embeddable":true,"href":"https:\/\/silk-pajamas.com\/pt\/wp-json\/wp\/v2\/media\/2516"}],"wp:attachment":[{"href":"https:\/\/silk-pajamas.com\/pt\/wp-json\/wp\/v2\/media?parent=565"}],"wp:term":[{"taxonomy":"product_brand","embeddable":true,"href":"https:\/\/silk-pajamas.com\/pt\/wp-json\/wp\/v2\/product_brand?post=565"},{"taxonomy":"product_cat","embeddable":true,"href":"https:\/\/silk-pajamas.com\/pt\/wp-json\/wp\/v2\/product_cat?post=565"},{"taxonomy":"product_tag","embeddable":true,"href":"https:\/\/silk-pajamas.com\/pt\/wp-json\/wp\/v2\/product_tag?post=565"}],"curies":[{"name":"wp","href":"https:\/\/api.w.org\/{rel}","templated":true}]}}