{"id":566,"date":"2026-04-12T15:43:06","date_gmt":"2026-04-12T15:43:06","guid":{"rendered":"https:\/\/silk-pajamas.com\/22-momme-crepe-silk-nightgown-robe-set-french-seam-supplier\/"},"modified":"2026-05-09T09:39:19","modified_gmt":"2026-05-09T09:39:19","slug":"22-momme-crepe-silk-nightgown-robe-set-french-seam-supplier","status":"publish","type":"product","link":"https:\/\/silk-pajamas.com\/pt\/22-momme-crepe-silk-nightgown-robe-set-french-seam-supplier\/","title":{"rendered":"22 Momme Crepe de seda Conjunto de camisa de noite com costura francesa Fornecedor"},"content":{"rendered":"<p>Este conjunto de camisa de noite e robe a condizer \u00e9 feito de crepe de seda 22 momme num tom de vinho. Apresenta costura francesa, um toque suave e um drapeado confort\u00e1vel para guarda-roupas de noiva. O estilo suporta os tamanhos Custom e funciona bem para usar no ver\u00e3o, para oferecer e para o conforto di\u00e1rio. Lavar \u00e0 m\u00e3o a frio ou utilizar um ciclo suave.<\/p>","protected":false},"excerpt":{"rendered":"<p>Conjunto de camisa de noite e robe em seda Crepe 22 Momme a condizer em vinho. Acabamento com costura francesa, toque resistente \u00e0s rugas e gama de tamanhos personalizada. Concebido para o guarda-roupa das noivas.<\/p>","protected":false},"featured_media":2478,"template":"","meta":{"_gspb_post_css":""},"product_brand":[],"product_cat":[23],"product_tag":[121,122,123],"class_list":{"0":"post-566","1":"product","2":"type-product","3":"status-publish","4":"has-post-thumbnail","6":"product_cat-silk-nightgown-robe-set","7":"product_tag-22-momme-silk-nightgown-robe-set-wine","8":"product_tag-crepe-silk-nightgown-robe-set-french-seam","9":"product_tag-wholesale-silk-nightgown-robe-set-for-bridal-wardrobes","11":"first","12":"instock","13":"shipping-taxable","14":"purchasable","15":"product-type-simple"},"_links":{"self":[{"href":"https:\/\/silk-pajamas.com\/pt\/wp-json\/wp\/v2\/product\/566","targetHints":{"allow":["GET"]}}],"collection":[{"href":"https:\/\/silk-pajamas.com\/pt\/wp-json\/wp\/v2\/product"}],"about":[{"href":"https:\/\/silk-pajamas.com\/pt\/wp-json\/wp\/v2\/types\/product"}],"wp:featuredmedia":[{"embeddable":true,"href":"https:\/\/silk-pajamas.com\/pt\/wp-json\/wp\/v2\/media\/2478"}],"wp:attachment":[{"href":"https:\/\/silk-pajamas.com\/pt\/wp-json\/wp\/v2\/media?parent=566"}],"wp:term":[{"taxonomy":"product_brand","embeddable":true,"href":"https:\/\/silk-pajamas.com\/pt\/wp-json\/wp\/v2\/product_brand?post=566"},{"taxonomy":"product_cat","embeddable":true,"href":"https:\/\/silk-pajamas.com\/pt\/wp-json\/wp\/v2\/product_cat?post=566"},{"taxonomy":"product_tag","embeddable":true,"href":"https:\/\/silk-pajamas.com\/pt\/wp-json\/wp\/v2\/product_tag?post=566"}],"curies":[{"name":"wp","href":"https:\/\/api.w.org\/{rel}","templated":true}]}}