{"id":567,"date":"2026-04-12T15:43:06","date_gmt":"2026-04-12T15:43:06","guid":{"rendered":"https:\/\/silk-pajamas.com\/22-momme-sandwashed-silk-nightgown-robe-set-belted-rose\/"},"modified":"2026-05-09T09:40:53","modified_gmt":"2026-05-09T09:40:53","slug":"22-momme-sandwashed-silk-nightgown-robe-set-belted-rose","status":"publish","type":"product","link":"https:\/\/silk-pajamas.com\/pt\/22-momme-sandwashed-silk-nightgown-robe-set-belted-rose\/","title":{"rendered":"22 Momme Conjunto de camisa de noite em seda com cinto Rosa"},"content":{"rendered":"<p>Confeccionado em seda 22 momme com acabamento em areia, este conjunto de camisa de noite e robe a condizer combina detalhes com cinto com um brilho suave e um toque respir\u00e1vel. O acabamento em rosa confere-lhe um aspeto requintado, enquanto os tamanhos XL, XXL, 3XL, 4XL ajudam a cobrir a procura principal. Adequado para conjuntos de oferta e guarda-roupas de ver\u00e3o. Lavar \u00e0 m\u00e3o a frio ou utilizar um ciclo suave.<\/p>","protected":false},"excerpt":{"rendered":"<p>Conjunto de camisa de noite e robe em seda 22 Momme Sandwashed a condizer em rosa. Acabamento com cinto, toque respir\u00e1vel e gama de tamanhos XL, XXL, 3XL, 4XL. Concebido para conjuntos de oferta.<\/p>","protected":false},"featured_media":2519,"template":"","meta":{"_gspb_post_css":""},"product_brand":[],"product_cat":[23],"product_tag":[103,124,109],"class_list":{"0":"post-567","1":"product","2":"type-product","3":"status-publish","4":"has-post-thumbnail","6":"product_cat-silk-nightgown-robe-set","7":"product_tag-22-momme-silk-nightgown-robe-set-rose","8":"product_tag-sandwashed-silk-nightgown-robe-set-belted","9":"product_tag-supplier-silk-nightgown-robe-set-for-gift-assortments","11":"first","12":"instock","13":"featured","14":"shipping-taxable","15":"purchasable","16":"product-type-simple"},"_links":{"self":[{"href":"https:\/\/silk-pajamas.com\/pt\/wp-json\/wp\/v2\/product\/567","targetHints":{"allow":["GET"]}}],"collection":[{"href":"https:\/\/silk-pajamas.com\/pt\/wp-json\/wp\/v2\/product"}],"about":[{"href":"https:\/\/silk-pajamas.com\/pt\/wp-json\/wp\/v2\/types\/product"}],"wp:featuredmedia":[{"embeddable":true,"href":"https:\/\/silk-pajamas.com\/pt\/wp-json\/wp\/v2\/media\/2519"}],"wp:attachment":[{"href":"https:\/\/silk-pajamas.com\/pt\/wp-json\/wp\/v2\/media?parent=567"}],"wp:term":[{"taxonomy":"product_brand","embeddable":true,"href":"https:\/\/silk-pajamas.com\/pt\/wp-json\/wp\/v2\/product_brand?post=567"},{"taxonomy":"product_cat","embeddable":true,"href":"https:\/\/silk-pajamas.com\/pt\/wp-json\/wp\/v2\/product_cat?post=567"},{"taxonomy":"product_tag","embeddable":true,"href":"https:\/\/silk-pajamas.com\/pt\/wp-json\/wp\/v2\/product_tag?post=567"}],"curies":[{"name":"wp","href":"https:\/\/api.w.org\/{rel}","templated":true}]}}