{"id":571,"date":"2026-04-12T15:43:07","date_gmt":"2026-04-12T15:43:07","guid":{"rendered":"https:\/\/silk-pajamas.com\/25-momme-mulberry-silk-nightgown-adjustable-strap-pearl\/"},"modified":"2026-05-09T09:15:12","modified_gmt":"2026-05-09T09:15:12","slug":"25-momme-mulberry-silk-nightgown-adjustable-strap-pearl","status":"publish","type":"product","link":"https:\/\/silk-pajamas.com\/pt\/25-momme-mulberry-silk-nightgown-adjustable-strap-pearl\/","title":{"rendered":"25 Camisa de noite Momme Mulberry Silk Al\u00e7a ajust\u00e1vel P\u00e9rola"},"content":{"rendered":"<p>Esta camisa de noite estilo slip \u00e9 feita de seda de amoreira 25 momme num tom p\u00e9rola. Possui uma al\u00e7a ajust\u00e1vel, um toque suave e um drapeado confort\u00e1vel para presentes variados. O estilo suporta os tamanhos XS, S, M, L, XL e funciona bem para todas as esta\u00e7\u00f5es, para oferecer e para o conforto di\u00e1rio. Lavar \u00e0 m\u00e3o a frio ou utilizar um ciclo suave.<\/p>","protected":false},"excerpt":{"rendered":"<p>25 Camisa de noite Momme Mulberry em seda estilo slip em p\u00e9rola. Acabamento com al\u00e7a ajust\u00e1vel, toque suave e gama de tamanhos XS, S, M, L, XL. Concebida para conjuntos de oferta.<\/p>","protected":false},"featured_media":2467,"template":"","meta":{"_gspb_post_css":""},"product_brand":[],"product_cat":[21],"product_tag":[131,133,132],"class_list":{"0":"post-571","1":"product","2":"type-product","3":"status-publish","4":"has-post-thumbnail","6":"product_cat-silk-nightgowns","7":"product_tag-25-momme-silk-nightgown-pearl","8":"product_tag-manufacturer-silk-nightgown-for-gift-assortments","9":"product_tag-mulberry-silk-nightgown-adjustable-strap","11":"first","12":"instock","13":"featured","14":"shipping-taxable","15":"purchasable","16":"product-type-simple"},"_links":{"self":[{"href":"https:\/\/silk-pajamas.com\/pt\/wp-json\/wp\/v2\/product\/571","targetHints":{"allow":["GET"]}}],"collection":[{"href":"https:\/\/silk-pajamas.com\/pt\/wp-json\/wp\/v2\/product"}],"about":[{"href":"https:\/\/silk-pajamas.com\/pt\/wp-json\/wp\/v2\/types\/product"}],"wp:featuredmedia":[{"embeddable":true,"href":"https:\/\/silk-pajamas.com\/pt\/wp-json\/wp\/v2\/media\/2467"}],"wp:attachment":[{"href":"https:\/\/silk-pajamas.com\/pt\/wp-json\/wp\/v2\/media?parent=571"}],"wp:term":[{"taxonomy":"product_brand","embeddable":true,"href":"https:\/\/silk-pajamas.com\/pt\/wp-json\/wp\/v2\/product_brand?post=571"},{"taxonomy":"product_cat","embeddable":true,"href":"https:\/\/silk-pajamas.com\/pt\/wp-json\/wp\/v2\/product_cat?post=571"},{"taxonomy":"product_tag","embeddable":true,"href":"https:\/\/silk-pajamas.com\/pt\/wp-json\/wp\/v2\/product_tag?post=571"}],"curies":[{"name":"wp","href":"https:\/\/api.w.org\/{rel}","templated":true}]}}