{"id":573,"date":"2026-04-12T15:43:07","date_gmt":"2026-04-12T15:43:07","guid":{"rendered":"https:\/\/silk-pajamas.com\/25-momme-sandwashed-silk-nightgown-cowl-neck-navy\/"},"modified":"2026-05-09T09:21:48","modified_gmt":"2026-05-09T09:21:48","slug":"25-momme-sandwashed-silk-nightgown-cowl-neck-navy","status":"publish","type":"product","link":"https:\/\/silk-pajamas.com\/pt\/25-momme-sandwashed-silk-nightgown-cowl-neck-navy\/","title":{"rendered":"25 Momme Camisola de noite em seda com corte de malha Gola redonda Marinho"},"content":{"rendered":"<p>Feita com seda lavada de 25 mm, esta camisa de noite estilo slip \u00e9 resistente a rugas, tem um toque suave na pele e um movimento elegante. A constru\u00e7\u00e3o com gola redonda e a cor azul-marinho mant\u00eam o look polido para mulher. Dispon\u00edvel em XS, S, M, L, XL. Lavar \u00e0 m\u00e3o a frio ou utilizar um ciclo suave.<\/p>","protected":false},"excerpt":{"rendered":"<p>25 Camisa de noite Momme Sandwashed em seda estilo slip em azul-marinho. Acabamento Cowl Neck, toque resistente a rugas e gama de tamanhos XS, S, M, L, XL. Concebido para as mulheres.<\/p>","protected":false},"featured_media":2486,"template":"","meta":{"_gspb_post_css":""},"product_brand":[],"product_cat":[21],"product_tag":[137,139,138],"class_list":{"0":"post-573","1":"product","2":"type-product","3":"status-publish","4":"has-post-thumbnail","6":"product_cat-silk-nightgowns","7":"product_tag-25-momme-silk-nightgown-navy","8":"product_tag-factory-silk-nightgown-for-women","9":"product_tag-sandwashed-silk-nightgown-cowl-neck","11":"first","12":"instock","13":"shipping-taxable","14":"purchasable","15":"product-type-simple"},"_links":{"self":[{"href":"https:\/\/silk-pajamas.com\/pt\/wp-json\/wp\/v2\/product\/573","targetHints":{"allow":["GET"]}}],"collection":[{"href":"https:\/\/silk-pajamas.com\/pt\/wp-json\/wp\/v2\/product"}],"about":[{"href":"https:\/\/silk-pajamas.com\/pt\/wp-json\/wp\/v2\/types\/product"}],"wp:featuredmedia":[{"embeddable":true,"href":"https:\/\/silk-pajamas.com\/pt\/wp-json\/wp\/v2\/media\/2486"}],"wp:attachment":[{"href":"https:\/\/silk-pajamas.com\/pt\/wp-json\/wp\/v2\/media?parent=573"}],"wp:term":[{"taxonomy":"product_brand","embeddable":true,"href":"https:\/\/silk-pajamas.com\/pt\/wp-json\/wp\/v2\/product_brand?post=573"},{"taxonomy":"product_cat","embeddable":true,"href":"https:\/\/silk-pajamas.com\/pt\/wp-json\/wp\/v2\/product_cat?post=573"},{"taxonomy":"product_tag","embeddable":true,"href":"https:\/\/silk-pajamas.com\/pt\/wp-json\/wp\/v2\/product_tag?post=573"}],"curies":[{"name":"wp","href":"https:\/\/api.w.org\/{rel}","templated":true}]}}