{"id":574,"date":"2026-04-12T15:43:07","date_gmt":"2026-04-12T15:43:07","guid":{"rendered":"https:\/\/silk-pajamas.com\/25-momme-mulberry-silk-nightgown-adjustable-strap-sky-blue\/"},"modified":"2026-05-09T09:23:19","modified_gmt":"2026-05-09T09:23:19","slug":"25-momme-mulberry-silk-nightgown-adjustable-strap-sky-blue","status":"publish","type":"product","link":"https:\/\/silk-pajamas.com\/pt\/25-momme-mulberry-silk-nightgown-adjustable-strap-sky-blue\/","title":{"rendered":"25 Camisola de noite Momme Mulberry Silk Al\u00e7a ajust\u00e1vel Azul celeste"},"content":{"rendered":"<p>Confeccionada em seda de amoreira 25 momme, esta camisa de noite estilo slip combina o pormenor da al\u00e7a ajust\u00e1vel com um brilho suave e um toque respir\u00e1vel. O acabamento em azul celeste confere-lhe um aspeto requintado, enquanto os tamanhos XL, XXL, 3XL, 4XL ajudam a cobrir a procura principal. Adequado para conjuntos de oferta e guarda-roupas de outono. Lavar \u00e0 m\u00e3o a frio ou utilizar um ciclo suave.<\/p>","protected":false},"excerpt":{"rendered":"<p>25 Camisa de noite Momme Mulberry em seda estilo slip em azul celeste. Acabamento com al\u00e7a ajust\u00e1vel, toque termo-regulador e gama de tamanhos XL, XXL, 3XL, 4XL. Concebida para os conjuntos de oferta.<\/p>","protected":false},"featured_media":2489,"template":"","meta":{"_gspb_post_css":""},"product_brand":[],"product_cat":[21],"product_tag":[140,132,136],"class_list":{"0":"post-574","1":"product","2":"type-product","3":"status-publish","4":"has-post-thumbnail","6":"product_cat-silk-nightgowns","7":"product_tag-25-momme-silk-nightgown-sky-blue","8":"product_tag-mulberry-silk-nightgown-adjustable-strap","9":"product_tag-vendor-silk-nightgown-for-gift-assortments","11":"first","12":"instock","13":"shipping-taxable","14":"purchasable","15":"product-type-simple"},"_links":{"self":[{"href":"https:\/\/silk-pajamas.com\/pt\/wp-json\/wp\/v2\/product\/574","targetHints":{"allow":["GET"]}}],"collection":[{"href":"https:\/\/silk-pajamas.com\/pt\/wp-json\/wp\/v2\/product"}],"about":[{"href":"https:\/\/silk-pajamas.com\/pt\/wp-json\/wp\/v2\/types\/product"}],"wp:featuredmedia":[{"embeddable":true,"href":"https:\/\/silk-pajamas.com\/pt\/wp-json\/wp\/v2\/media\/2489"}],"wp:attachment":[{"href":"https:\/\/silk-pajamas.com\/pt\/wp-json\/wp\/v2\/media?parent=574"}],"wp:term":[{"taxonomy":"product_brand","embeddable":true,"href":"https:\/\/silk-pajamas.com\/pt\/wp-json\/wp\/v2\/product_brand?post=574"},{"taxonomy":"product_cat","embeddable":true,"href":"https:\/\/silk-pajamas.com\/pt\/wp-json\/wp\/v2\/product_cat?post=574"},{"taxonomy":"product_tag","embeddable":true,"href":"https:\/\/silk-pajamas.com\/pt\/wp-json\/wp\/v2\/product_tag?post=574"}],"curies":[{"name":"wp","href":"https:\/\/api.w.org\/{rel}","templated":true}]}}