{"id":576,"date":"2026-04-12T15:43:07","date_gmt":"2026-04-12T15:43:07","guid":{"rendered":"https:\/\/silk-pajamas.com\/22-momme-charmeuse-silk-slip-nightgown-cowl-neck-blush\/"},"modified":"2026-05-09T09:26:12","modified_gmt":"2026-05-09T09:26:12","slug":"22-momme-charmeuse-silk-slip-nightgown-cowl-neck-blush","status":"publish","type":"product","link":"https:\/\/silk-pajamas.com\/pt\/22-momme-charmeuse-silk-slip-nightgown-cowl-neck-blush\/","title":{"rendered":"22 Camisola de noite Momme Charmeuse Silk Slip Cowl Neck Blush"},"content":{"rendered":"<p>Confeccionada em seda momme charmeuse 22, esta camisa de noite estilo slip combina o pormenor do decote em V com um brilho suave e um toque respir\u00e1vel. O acabamento blush confere-lhe um aspeto requintado, enquanto os tamanhos Custom ajudam a cobrir as necessidades essenciais. Adequada para roupeiros de noiva e roupeiros de ver\u00e3o. Lavar \u00e0 m\u00e3o a frio ou utilizar um ciclo suave.<\/p>","protected":false},"excerpt":{"rendered":"<p>Camisa de noite 22 Momme Charmeuse em seda estilo slip em Blush. Acabamento em gola redonda, toque leve e gama de tamanhos personalizada. Concebida para o guarda-roupa das noivas.<\/p>","protected":false},"featured_media":2493,"template":"","meta":{"_gspb_post_css":""},"product_brand":[],"product_cat":[21],"product_tag":[144,145,146],"class_list":{"0":"post-576","1":"product","2":"type-product","3":"status-publish","4":"has-post-thumbnail","6":"product_cat-silk-nightgowns","7":"product_tag-22-momme-silk-nightgown-blush","8":"product_tag-charmeuse-silk-nightgown-cowl-neck","9":"product_tag-manufacturer-silk-nightgown-for-bridal-wardrobes","11":"first","12":"instock","13":"featured","14":"shipping-taxable","15":"purchasable","16":"product-type-simple"},"_links":{"self":[{"href":"https:\/\/silk-pajamas.com\/pt\/wp-json\/wp\/v2\/product\/576","targetHints":{"allow":["GET"]}}],"collection":[{"href":"https:\/\/silk-pajamas.com\/pt\/wp-json\/wp\/v2\/product"}],"about":[{"href":"https:\/\/silk-pajamas.com\/pt\/wp-json\/wp\/v2\/types\/product"}],"wp:featuredmedia":[{"embeddable":true,"href":"https:\/\/silk-pajamas.com\/pt\/wp-json\/wp\/v2\/media\/2493"}],"wp:attachment":[{"href":"https:\/\/silk-pajamas.com\/pt\/wp-json\/wp\/v2\/media?parent=576"}],"wp:term":[{"taxonomy":"product_brand","embeddable":true,"href":"https:\/\/silk-pajamas.com\/pt\/wp-json\/wp\/v2\/product_brand?post=576"},{"taxonomy":"product_cat","embeddable":true,"href":"https:\/\/silk-pajamas.com\/pt\/wp-json\/wp\/v2\/product_cat?post=576"},{"taxonomy":"product_tag","embeddable":true,"href":"https:\/\/silk-pajamas.com\/pt\/wp-json\/wp\/v2\/product_tag?post=576"}],"curies":[{"name":"wp","href":"https:\/\/api.w.org\/{rel}","templated":true}]}}