{"id":577,"date":"2026-04-12T15:43:07","date_gmt":"2026-04-12T15:43:07","guid":{"rendered":"https:\/\/silk-pajamas.com\/16-momme-sandwashed-silk-nightgown-lace-trim-rose\/"},"modified":"2026-05-09T09:27:59","modified_gmt":"2026-05-09T09:27:59","slug":"16-momme-sandwashed-silk-nightgown-lace-trim-rose","status":"publish","type":"product","link":"https:\/\/silk-pajamas.com\/pt\/16-momme-sandwashed-silk-nightgown-lace-trim-rose\/","title":{"rendered":"16 Momme Camisola de noite em seda lavada com renda Rosa"},"content":{"rendered":"<p>Confeccionada com seda de 16 mm, esta camisa de noite estilo slip oferece um drapeado suave, um toque suave na pele e um movimento elegante. A constru\u00e7\u00e3o com rendas e a cor rosa mant\u00eam o visual polido para uma utiliza\u00e7\u00e3o adequada \u00e0 maternidade. Dispon\u00edvel em Personalizado. Lavar \u00e0 m\u00e3o a frio ou utilizar um ciclo suave.<\/p>","protected":false},"excerpt":{"rendered":"<p>16 Camisa de noite Momme Sandwashed em seda estilo slip em Rose. Acabamento em renda, toque suave e gama de tamanhos personalizada. Concebida para ser usada durante a maternidade.<\/p>","protected":false},"featured_media":2497,"template":"","meta":{"_gspb_post_css":""},"product_brand":[],"product_cat":[21],"product_tag":[147,148,149],"class_list":{"0":"post-577","1":"product","2":"type-product","3":"status-publish","4":"has-post-thumbnail","6":"product_cat-silk-nightgowns","7":"product_tag-16-momme-silk-nightgown-rose","8":"product_tag-sandwashed-silk-nightgown-lace-trim","9":"product_tag-supplier-silk-nightgown-for-maternity-friendly-wear","11":"first","12":"instock","13":"shipping-taxable","14":"purchasable","15":"product-type-simple"},"_links":{"self":[{"href":"https:\/\/silk-pajamas.com\/pt\/wp-json\/wp\/v2\/product\/577","targetHints":{"allow":["GET"]}}],"collection":[{"href":"https:\/\/silk-pajamas.com\/pt\/wp-json\/wp\/v2\/product"}],"about":[{"href":"https:\/\/silk-pajamas.com\/pt\/wp-json\/wp\/v2\/types\/product"}],"wp:featuredmedia":[{"embeddable":true,"href":"https:\/\/silk-pajamas.com\/pt\/wp-json\/wp\/v2\/media\/2497"}],"wp:attachment":[{"href":"https:\/\/silk-pajamas.com\/pt\/wp-json\/wp\/v2\/media?parent=577"}],"wp:term":[{"taxonomy":"product_brand","embeddable":true,"href":"https:\/\/silk-pajamas.com\/pt\/wp-json\/wp\/v2\/product_brand?post=577"},{"taxonomy":"product_cat","embeddable":true,"href":"https:\/\/silk-pajamas.com\/pt\/wp-json\/wp\/v2\/product_cat?post=577"},{"taxonomy":"product_tag","embeddable":true,"href":"https:\/\/silk-pajamas.com\/pt\/wp-json\/wp\/v2\/product_tag?post=577"}],"curies":[{"name":"wp","href":"https:\/\/api.w.org\/{rel}","templated":true}]}}