{"id":579,"date":"2026-04-12T15:43:07","date_gmt":"2026-04-12T15:43:07","guid":{"rendered":"https:\/\/silk-pajamas.com\/16-momme-charmeuse-silk-nightgown-maxi-ivory-factory\/"},"modified":"2026-05-09T09:28:47","modified_gmt":"2026-05-09T09:28:47","slug":"16-momme-charmeuse-silk-nightgown-maxi-ivory-factory","status":"publish","type":"product","link":"https:\/\/silk-pajamas.com\/pt\/16-momme-charmeuse-silk-nightgown-maxi-ivory-factory\/","title":{"rendered":"16 Camisa de noite Momme Charmeuse Seda Maxi Ivory Factory"},"content":{"rendered":"<p>Esta camisa de noite estilo slip \u00e9 feita de seda 16 momme charmeuse num tom marfim. \u00c9 maxi, tem um toque suave e um drapeado confort\u00e1vel para guarda-roupas de noiva. O estilo suporta os tamanhos Custom e funciona bem para usar na primavera, para oferecer e para o conforto di\u00e1rio. Lavar \u00e0 m\u00e3o a frio ou utilizar um ciclo suave.<\/p>","protected":false},"excerpt":{"rendered":"<p>16 Camisa de noite Momme Charmeuse em seda estilo slip em marfim. Acabamento maxi, toque suave e gama de tamanhos personalizada. Concebida para o guarda-roupa das noivas.<\/p>","protected":false},"featured_media":2465,"template":"","meta":{"_gspb_post_css":""},"product_brand":[],"product_cat":[21],"product_tag":[150,153,146],"class_list":{"0":"post-579","1":"product","2":"type-product","3":"status-publish","4":"has-post-thumbnail","6":"product_cat-silk-nightgowns","7":"product_tag-16-momme-silk-nightgown-ivory","8":"product_tag-charmeuse-silk-nightgown-maxi","9":"product_tag-manufacturer-silk-nightgown-for-bridal-wardrobes","11":"first","12":"instock","13":"shipping-taxable","14":"purchasable","15":"product-type-simple"},"_links":{"self":[{"href":"https:\/\/silk-pajamas.com\/pt\/wp-json\/wp\/v2\/product\/579","targetHints":{"allow":["GET"]}}],"collection":[{"href":"https:\/\/silk-pajamas.com\/pt\/wp-json\/wp\/v2\/product"}],"about":[{"href":"https:\/\/silk-pajamas.com\/pt\/wp-json\/wp\/v2\/types\/product"}],"wp:featuredmedia":[{"embeddable":true,"href":"https:\/\/silk-pajamas.com\/pt\/wp-json\/wp\/v2\/media\/2465"}],"wp:attachment":[{"href":"https:\/\/silk-pajamas.com\/pt\/wp-json\/wp\/v2\/media?parent=579"}],"wp:term":[{"taxonomy":"product_brand","embeddable":true,"href":"https:\/\/silk-pajamas.com\/pt\/wp-json\/wp\/v2\/product_brand?post=579"},{"taxonomy":"product_cat","embeddable":true,"href":"https:\/\/silk-pajamas.com\/pt\/wp-json\/wp\/v2\/product_cat?post=579"},{"taxonomy":"product_tag","embeddable":true,"href":"https:\/\/silk-pajamas.com\/pt\/wp-json\/wp\/v2\/product_tag?post=579"}],"curies":[{"name":"wp","href":"https:\/\/api.w.org\/{rel}","templated":true}]}}