{"id":581,"date":"2026-04-12T15:43:07","date_gmt":"2026-04-12T15:43:07","guid":{"rendered":"https:\/\/silk-pajamas.com\/25-momme-charmeuse-silk-slip-nightgown-cowl-neck-emerald\/"},"modified":"2026-05-09T09:30:31","modified_gmt":"2026-05-09T09:30:31","slug":"25-momme-charmeuse-silk-slip-nightgown-cowl-neck-emerald","status":"publish","type":"product","link":"https:\/\/silk-pajamas.com\/pt\/25-momme-charmeuse-silk-slip-nightgown-cowl-neck-emerald\/","title":{"rendered":"25 Camisa de noite Momme Charmeuse Silk Slip Cowl Neck Emerald"},"content":{"rendered":"<p>Esta camisa de noite estilo slip \u00e9 feita de seda 25 momme charmeuse num tom esmeralda. Apresenta gola redonda, um toque suave e um drapeado confort\u00e1vel para mulher. O estilo suporta tamanhos personalizados e funciona bem para todas as esta\u00e7\u00f5es, para presentear e para o conforto di\u00e1rio. Lavar \u00e0 m\u00e3o a frio ou utilizar um ciclo suave.<\/p>","protected":false},"excerpt":{"rendered":"<p>25 Camisa de noite em seda Momme Charmeuse estilo slip em esmeralda. Acabamento em gola redonda, toque suave e gama de tamanhos personalizada. Concebida para senhora.<\/p>","protected":false},"featured_media":2498,"template":"","meta":{"_gspb_post_css":""},"product_brand":[],"product_cat":[21],"product_tag":[157,145,139],"class_list":{"0":"post-581","1":"product","2":"type-product","3":"status-publish","4":"has-post-thumbnail","6":"product_cat-silk-nightgowns","7":"product_tag-25-momme-silk-nightgown-emerald","8":"product_tag-charmeuse-silk-nightgown-cowl-neck","9":"product_tag-factory-silk-nightgown-for-women","11":"first","12":"instock","13":"featured","14":"shipping-taxable","15":"purchasable","16":"product-type-simple"},"_links":{"self":[{"href":"https:\/\/silk-pajamas.com\/pt\/wp-json\/wp\/v2\/product\/581","targetHints":{"allow":["GET"]}}],"collection":[{"href":"https:\/\/silk-pajamas.com\/pt\/wp-json\/wp\/v2\/product"}],"about":[{"href":"https:\/\/silk-pajamas.com\/pt\/wp-json\/wp\/v2\/types\/product"}],"wp:featuredmedia":[{"embeddable":true,"href":"https:\/\/silk-pajamas.com\/pt\/wp-json\/wp\/v2\/media\/2498"}],"wp:attachment":[{"href":"https:\/\/silk-pajamas.com\/pt\/wp-json\/wp\/v2\/media?parent=581"}],"wp:term":[{"taxonomy":"product_brand","embeddable":true,"href":"https:\/\/silk-pajamas.com\/pt\/wp-json\/wp\/v2\/product_brand?post=581"},{"taxonomy":"product_cat","embeddable":true,"href":"https:\/\/silk-pajamas.com\/pt\/wp-json\/wp\/v2\/product_cat?post=581"},{"taxonomy":"product_tag","embeddable":true,"href":"https:\/\/silk-pajamas.com\/pt\/wp-json\/wp\/v2\/product_tag?post=581"}],"curies":[{"name":"wp","href":"https:\/\/api.w.org\/{rel}","templated":true}]}}