{"id":582,"date":"2026-04-12T15:43:07","date_gmt":"2026-04-12T15:43:07","guid":{"rendered":"https:\/\/silk-pajamas.com\/25-momme-mulberry-silk-slip-nightgown-lace-trim-black\/"},"modified":"2026-05-09T09:32:03","modified_gmt":"2026-05-09T09:32:03","slug":"25-momme-mulberry-silk-slip-nightgown-lace-trim-black","status":"publish","type":"product","link":"https:\/\/silk-pajamas.com\/pt\/25-momme-mulberry-silk-slip-nightgown-lace-trim-black\/","title":{"rendered":"25 Momme Camisola de noite em seda Mulberry com rebordo em renda Preto"},"content":{"rendered":"<p>Esta camisa de noite estilo slip \u00e9 feita de seda de amora de 25 momme num tom preto. Apresenta um acabamento em renda, um toque suave e um drapeado confort\u00e1vel para guarda-roupas de noiva. O estilo \u00e9 compat\u00edvel com os tamanhos XS, S, M, L, XL e funciona bem para usar no ver\u00e3o, para oferecer e para o conforto di\u00e1rio. Lavar \u00e0 m\u00e3o a frio ou utilizar um ciclo suave.<\/p>","protected":false},"excerpt":{"rendered":"<p>25 Camisa de noite Momme Mulberry em seda estilo slip em preto. Acabamento com renda, toque resistente \u00e0s rugas e tamanhos XS, S, M, L, XL. Concebida para o guarda-roupa das noivas.<\/p>","protected":false},"featured_media":2503,"template":"","meta":{"_gspb_post_css":""},"product_brand":[],"product_cat":[21],"product_tag":[158,160,159],"class_list":{"0":"post-582","1":"product","2":"type-product","3":"status-publish","4":"has-post-thumbnail","6":"product_cat-silk-nightgowns","7":"product_tag-25-momme-silk-nightgown-black","8":"product_tag-factory-silk-nightgown-for-bridal-wardrobes","9":"product_tag-mulberry-silk-nightgown-lace-trim","11":"first","12":"instock","13":"shipping-taxable","14":"purchasable","15":"product-type-simple"},"_links":{"self":[{"href":"https:\/\/silk-pajamas.com\/pt\/wp-json\/wp\/v2\/product\/582","targetHints":{"allow":["GET"]}}],"collection":[{"href":"https:\/\/silk-pajamas.com\/pt\/wp-json\/wp\/v2\/product"}],"about":[{"href":"https:\/\/silk-pajamas.com\/pt\/wp-json\/wp\/v2\/types\/product"}],"wp:featuredmedia":[{"embeddable":true,"href":"https:\/\/silk-pajamas.com\/pt\/wp-json\/wp\/v2\/media\/2503"}],"wp:attachment":[{"href":"https:\/\/silk-pajamas.com\/pt\/wp-json\/wp\/v2\/media?parent=582"}],"wp:term":[{"taxonomy":"product_brand","embeddable":true,"href":"https:\/\/silk-pajamas.com\/pt\/wp-json\/wp\/v2\/product_brand?post=582"},{"taxonomy":"product_cat","embeddable":true,"href":"https:\/\/silk-pajamas.com\/pt\/wp-json\/wp\/v2\/product_cat?post=582"},{"taxonomy":"product_tag","embeddable":true,"href":"https:\/\/silk-pajamas.com\/pt\/wp-json\/wp\/v2\/product_tag?post=582"}],"curies":[{"name":"wp","href":"https:\/\/api.w.org\/{rel}","templated":true}]}}