{"id":584,"date":"2026-04-12T15:43:08","date_gmt":"2026-04-12T15:43:08","guid":{"rendered":"https:\/\/silk-pajamas.com\/22-momme-crepe-silk-slip-nightgown-bias-cut-champagne\/"},"modified":"2026-05-09T08:52:26","modified_gmt":"2026-05-09T08:52:26","slug":"22-momme-crepe-silk-slip-nightgown-bias-cut-champagne","status":"publish","type":"product","link":"https:\/\/silk-pajamas.com\/pt\/22-momme-crepe-silk-slip-nightgown-bias-cut-champagne\/","title":{"rendered":"22 Camisa de noite Momme Crepe Silk Slip Bias Cut Champagne"},"content":{"rendered":"<p>Feita com crepe de seda 22 momme, esta camisa de noite estilo slip oferece um drapeado suave, um toque suave na pele e um movimento elegante. A constru\u00e7\u00e3o de corte enviesado e a cor champanhe mant\u00eam o visual polido para conjuntos de presentes. Dispon\u00edvel em S, M, L, XL, XXL. Lavar \u00e0 m\u00e3o a frio ou utilizar um ciclo suave.<\/p>","protected":false},"excerpt":{"rendered":"<p>Camisa de noite 22 Momme Crepe de seda estilo slip em champanhe. Acabamento Bias Cut, toque suave e gama de tamanhos S, M, L, XL, XXL. Concebida para conjuntos de oferta.<\/p>","protected":false},"featured_media":2449,"template":"","meta":{"_gspb_post_css":""},"product_brand":[],"product_cat":[21],"product_tag":[164,165,133],"class_list":{"0":"post-584","1":"product","2":"type-product","3":"status-publish","4":"has-post-thumbnail","6":"product_cat-silk-nightgowns","7":"product_tag-22-momme-silk-nightgown-champagne","8":"product_tag-crepe-silk-nightgown-bias-cut","9":"product_tag-manufacturer-silk-nightgown-for-gift-assortments","11":"first","12":"instock","13":"shipping-taxable","14":"purchasable","15":"product-type-simple"},"_links":{"self":[{"href":"https:\/\/silk-pajamas.com\/pt\/wp-json\/wp\/v2\/product\/584","targetHints":{"allow":["GET"]}}],"collection":[{"href":"https:\/\/silk-pajamas.com\/pt\/wp-json\/wp\/v2\/product"}],"about":[{"href":"https:\/\/silk-pajamas.com\/pt\/wp-json\/wp\/v2\/types\/product"}],"wp:featuredmedia":[{"embeddable":true,"href":"https:\/\/silk-pajamas.com\/pt\/wp-json\/wp\/v2\/media\/2449"}],"wp:attachment":[{"href":"https:\/\/silk-pajamas.com\/pt\/wp-json\/wp\/v2\/media?parent=584"}],"wp:term":[{"taxonomy":"product_brand","embeddable":true,"href":"https:\/\/silk-pajamas.com\/pt\/wp-json\/wp\/v2\/product_brand?post=584"},{"taxonomy":"product_cat","embeddable":true,"href":"https:\/\/silk-pajamas.com\/pt\/wp-json\/wp\/v2\/product_cat?post=584"},{"taxonomy":"product_tag","embeddable":true,"href":"https:\/\/silk-pajamas.com\/pt\/wp-json\/wp\/v2\/product_tag?post=584"}],"curies":[{"name":"wp","href":"https:\/\/api.w.org\/{rel}","templated":true}]}}