{"id":587,"date":"2026-04-12T15:43:08","date_gmt":"2026-04-12T15:43:08","guid":{"rendered":"https:\/\/silk-pajamas.com\/25-momme-charmeuse-silk-nightgown-midi-silver-manufacturer\/"},"modified":"2026-05-09T09:02:38","modified_gmt":"2026-05-09T09:02:38","slug":"25-momme-charmeuse-silk-nightgown-midi-silver-manufacturer","status":"publish","type":"product","link":"https:\/\/silk-pajamas.com\/pt\/25-momme-charmeuse-silk-nightgown-midi-silver-manufacturer\/","title":{"rendered":"25 Camisa de noite Momme Charmeuse Seda Midi Prata Fabricante"},"content":{"rendered":"<p>Esta camisa de noite estilo slip \u00e9 feita de seda 25 momme charmeuse num tom prateado. Apresenta um corte midi, um toque suave e um drapeado confort\u00e1vel para uma utiliza\u00e7\u00e3o adequada \u00e0 maternidade. O estilo \u00e9 compat\u00edvel com os tamanhos XL, XXL, 3XL, 4XL e funciona bem para usar no ver\u00e3o, para oferecer e para o conforto di\u00e1rio. Lavar \u00e0 m\u00e3o a frio ou utilizar um ciclo suave.<\/p>","protected":false},"excerpt":{"rendered":"<p>25 Camisa de noite Momme Charmeuse em seda estilo slip em prateado. Acabamento midi, toque respir\u00e1vel e tamanhos XL, XXL, 3XL, 4XL. Concebida para ser usada durante a maternidade.<\/p>","protected":false},"featured_media":2451,"template":"","meta":{"_gspb_post_css":""},"product_brand":[],"product_cat":[21],"product_tag":[166,151,149],"class_list":{"0":"post-587","1":"product","2":"type-product","3":"status-publish","4":"has-post-thumbnail","6":"product_cat-silk-nightgowns","7":"product_tag-25-momme-silk-nightgown-silver","8":"product_tag-charmeuse-silk-nightgown-midi","9":"product_tag-supplier-silk-nightgown-for-maternity-friendly-wear","11":"first","12":"instock","13":"shipping-taxable","14":"purchasable","15":"product-type-simple"},"_links":{"self":[{"href":"https:\/\/silk-pajamas.com\/pt\/wp-json\/wp\/v2\/product\/587","targetHints":{"allow":["GET"]}}],"collection":[{"href":"https:\/\/silk-pajamas.com\/pt\/wp-json\/wp\/v2\/product"}],"about":[{"href":"https:\/\/silk-pajamas.com\/pt\/wp-json\/wp\/v2\/types\/product"}],"wp:featuredmedia":[{"embeddable":true,"href":"https:\/\/silk-pajamas.com\/pt\/wp-json\/wp\/v2\/media\/2451"}],"wp:attachment":[{"href":"https:\/\/silk-pajamas.com\/pt\/wp-json\/wp\/v2\/media?parent=587"}],"wp:term":[{"taxonomy":"product_brand","embeddable":true,"href":"https:\/\/silk-pajamas.com\/pt\/wp-json\/wp\/v2\/product_brand?post=587"},{"taxonomy":"product_cat","embeddable":true,"href":"https:\/\/silk-pajamas.com\/pt\/wp-json\/wp\/v2\/product_cat?post=587"},{"taxonomy":"product_tag","embeddable":true,"href":"https:\/\/silk-pajamas.com\/pt\/wp-json\/wp\/v2\/product_tag?post=587"}],"curies":[{"name":"wp","href":"https:\/\/api.w.org\/{rel}","templated":true}]}}