{"id":588,"date":"2026-04-12T15:43:08","date_gmt":"2026-04-12T15:43:08","guid":{"rendered":"https:\/\/silk-pajamas.com\/19-momme-charmeuse-silk-slip-nightgown-cowl-neck-coffee\/"},"modified":"2026-05-09T09:04:48","modified_gmt":"2026-05-09T09:04:48","slug":"19-momme-charmeuse-silk-slip-nightgown-cowl-neck-coffee","status":"publish","type":"product","link":"https:\/\/silk-pajamas.com\/pt\/19-momme-charmeuse-silk-slip-nightgown-cowl-neck-coffee\/","title":{"rendered":"19 Camisola de noite Momme Charmeuse Silk Slip Cowl Neck Caf\u00e9"},"content":{"rendered":"<p>Esta camisa de noite estilo slip \u00e9 feita de seda 19 momme charmeuse num tom caf\u00e9. Apresenta gola redonda, um toque suave e um drapeado confort\u00e1vel para mulher. O estilo \u00e9 compat\u00edvel com os tamanhos S, M, L, XL, XXL e funciona bem para todas as esta\u00e7\u00f5es, para presentear e para o conforto di\u00e1rio. Lavar \u00e0 m\u00e3o a frio ou utilizar um ciclo suave.<\/p>","protected":false},"excerpt":{"rendered":"<p>19 Camisa de noite em seda Momme Charmeuse estilo slip em caf\u00e9. Acabamento em gola redonda, toque suave e tamanhos S, M, L, XL, XXL. Concebida para senhora.<\/p>","protected":false},"featured_media":2459,"template":"","meta":{"_gspb_post_css":""},"product_brand":[],"product_cat":[21],"product_tag":[154,145,171],"class_list":{"0":"post-588","1":"product","2":"type-product","3":"status-publish","4":"has-post-thumbnail","6":"product_cat-silk-nightgowns","7":"product_tag-19-momme-silk-nightgown-coffee","8":"product_tag-charmeuse-silk-nightgown-cowl-neck","9":"product_tag-wholesale-silk-nightgown-for-women","11":"first","12":"instock","13":"shipping-taxable","14":"purchasable","15":"product-type-simple"},"_links":{"self":[{"href":"https:\/\/silk-pajamas.com\/pt\/wp-json\/wp\/v2\/product\/588","targetHints":{"allow":["GET"]}}],"collection":[{"href":"https:\/\/silk-pajamas.com\/pt\/wp-json\/wp\/v2\/product"}],"about":[{"href":"https:\/\/silk-pajamas.com\/pt\/wp-json\/wp\/v2\/types\/product"}],"wp:featuredmedia":[{"embeddable":true,"href":"https:\/\/silk-pajamas.com\/pt\/wp-json\/wp\/v2\/media\/2459"}],"wp:attachment":[{"href":"https:\/\/silk-pajamas.com\/pt\/wp-json\/wp\/v2\/media?parent=588"}],"wp:term":[{"taxonomy":"product_brand","embeddable":true,"href":"https:\/\/silk-pajamas.com\/pt\/wp-json\/wp\/v2\/product_brand?post=588"},{"taxonomy":"product_cat","embeddable":true,"href":"https:\/\/silk-pajamas.com\/pt\/wp-json\/wp\/v2\/product_cat?post=588"},{"taxonomy":"product_tag","embeddable":true,"href":"https:\/\/silk-pajamas.com\/pt\/wp-json\/wp\/v2\/product_tag?post=588"}],"curies":[{"name":"wp","href":"https:\/\/api.w.org\/{rel}","templated":true}]}}