{"id":592,"date":"2026-04-12T15:43:09","date_gmt":"2026-04-12T15:43:09","guid":{"rendered":"https:\/\/silk-pajamas.com\/22-momme-charmeuse-silk-nightgown-bias-cut-pearl\/"},"modified":"2026-05-09T08:14:53","modified_gmt":"2026-05-09T08:14:53","slug":"22-momme-charmeuse-silk-nightgown-bias-cut-pearl","status":"publish","type":"product","link":"https:\/\/silk-pajamas.com\/pt\/22-momme-charmeuse-silk-nightgown-bias-cut-pearl\/","title":{"rendered":"22 Camisa de noite Momme Charmeuse Seda P\u00e9rola recortada"},"content":{"rendered":"<p>Confeccionada em seda momme charmeuse 22, esta camisa de noite estilo slip combina detalhes de corte enviesado com um brilho suave e um toque respir\u00e1vel. O acabamento em p\u00e9rola confere-lhe um aspeto requintado, enquanto os tamanhos XL, XXL, 3XL e 4XL ajudam a satisfazer as necessidades b\u00e1sicas. Adequado para mulheres e para o guarda-roupa de ver\u00e3o. Lavar \u00e0 m\u00e3o a frio ou utilizar um ciclo suave.<\/p>","protected":false},"excerpt":{"rendered":"<p>Camisa de noite 22 Momme Charmeuse em seda estilo slip em Pearl. Acabamento Bias Cut, toque leve e gama de tamanhos XL, XXL, 3XL, 4XL. Concebida para senhora.<\/p>","protected":false},"featured_media":2430,"template":"","meta":{"_gspb_post_css":""},"product_brand":[],"product_cat":[21],"product_tag":[177,178,139],"class_list":{"0":"post-592","1":"product","2":"type-product","3":"status-publish","4":"has-post-thumbnail","6":"product_cat-silk-nightgowns","7":"product_tag-22-momme-silk-nightgown-pearl","8":"product_tag-charmeuse-silk-nightgown-bias-cut","9":"product_tag-factory-silk-nightgown-for-women","11":"first","12":"instock","13":"shipping-taxable","14":"purchasable","15":"product-type-simple"},"_links":{"self":[{"href":"https:\/\/silk-pajamas.com\/pt\/wp-json\/wp\/v2\/product\/592","targetHints":{"allow":["GET"]}}],"collection":[{"href":"https:\/\/silk-pajamas.com\/pt\/wp-json\/wp\/v2\/product"}],"about":[{"href":"https:\/\/silk-pajamas.com\/pt\/wp-json\/wp\/v2\/types\/product"}],"wp:featuredmedia":[{"embeddable":true,"href":"https:\/\/silk-pajamas.com\/pt\/wp-json\/wp\/v2\/media\/2430"}],"wp:attachment":[{"href":"https:\/\/silk-pajamas.com\/pt\/wp-json\/wp\/v2\/media?parent=592"}],"wp:term":[{"taxonomy":"product_brand","embeddable":true,"href":"https:\/\/silk-pajamas.com\/pt\/wp-json\/wp\/v2\/product_brand?post=592"},{"taxonomy":"product_cat","embeddable":true,"href":"https:\/\/silk-pajamas.com\/pt\/wp-json\/wp\/v2\/product_cat?post=592"},{"taxonomy":"product_tag","embeddable":true,"href":"https:\/\/silk-pajamas.com\/pt\/wp-json\/wp\/v2\/product_tag?post=592"}],"curies":[{"name":"wp","href":"https:\/\/api.w.org\/{rel}","templated":true}]}}