{"id":593,"date":"2026-04-12T15:43:09","date_gmt":"2026-04-12T15:43:09","guid":{"rendered":"https:\/\/silk-pajamas.com\/19-momme-crepe-silk-pajama-set-contrast-trim-sage\/"},"modified":"2026-05-12T06:49:40","modified_gmt":"2026-05-12T06:49:40","slug":"19-momme-crepe-silk-pajama-set-contrast-trim-sage","status":"publish","type":"product","link":"https:\/\/silk-pajamas.com\/pt\/19-momme-crepe-silk-pajama-set-contrast-trim-sage\/","title":{"rendered":"19 Momme Crepe Silk Pajama Set Contrast Trim Sage"},"content":{"rendered":"<p>Este conjunto de pijama cl\u00e1ssico \u00e9 confeccionado em crepe de seda 19 momme num tom s\u00e1lvia. Apresenta acabamentos em contraste, um toque suave e um drapeado confort\u00e1vel para utiliza\u00e7\u00e3o em viagem. O estilo suporta tamanhos personalizados e funciona bem para todas as esta\u00e7\u00f5es, para presentear e para o conforto di\u00e1rio. Lavar \u00e0 m\u00e3o a frio ou utilizar um ciclo suave.<\/p>","protected":false},"excerpt":{"rendered":"<p>19 Conjunto de pijama cl\u00e1ssico Momme Crepe de seda em Sage. Acabamento em contraste, toque suave e gama de tamanhos personalizada. Concebido para utiliza\u00e7\u00e3o em viagem.<\/p>","protected":false},"featured_media":2437,"template":"","meta":{"_gspb_post_css":""},"product_brand":[],"product_cat":[20,15],"product_tag":[179,180,181],"class_list":{"0":"post-593","1":"product","2":"type-product","3":"status-publish","4":"has-post-thumbnail","6":"product_cat-silk-pajamas","7":"product_cat-silk-sleepwear","8":"product_tag-19-momme-silk-pajamas-sage","9":"product_tag-crepe-silk-pajamas-contrast-trim","10":"product_tag-wholesale-silk-pajamas-for-travel-use","12":"first","13":"instock","14":"featured","15":"shipping-taxable","16":"purchasable","17":"product-type-simple"},"_links":{"self":[{"href":"https:\/\/silk-pajamas.com\/pt\/wp-json\/wp\/v2\/product\/593","targetHints":{"allow":["GET"]}}],"collection":[{"href":"https:\/\/silk-pajamas.com\/pt\/wp-json\/wp\/v2\/product"}],"about":[{"href":"https:\/\/silk-pajamas.com\/pt\/wp-json\/wp\/v2\/types\/product"}],"wp:featuredmedia":[{"embeddable":true,"href":"https:\/\/silk-pajamas.com\/pt\/wp-json\/wp\/v2\/media\/2437"}],"wp:attachment":[{"href":"https:\/\/silk-pajamas.com\/pt\/wp-json\/wp\/v2\/media?parent=593"}],"wp:term":[{"taxonomy":"product_brand","embeddable":true,"href":"https:\/\/silk-pajamas.com\/pt\/wp-json\/wp\/v2\/product_brand?post=593"},{"taxonomy":"product_cat","embeddable":true,"href":"https:\/\/silk-pajamas.com\/pt\/wp-json\/wp\/v2\/product_cat?post=593"},{"taxonomy":"product_tag","embeddable":true,"href":"https:\/\/silk-pajamas.com\/pt\/wp-json\/wp\/v2\/product_tag?post=593"}],"curies":[{"name":"wp","href":"https:\/\/api.w.org\/{rel}","templated":true}]}}