{"id":595,"date":"2026-04-12T15:43:09","date_gmt":"2026-04-12T15:43:09","guid":{"rendered":"https:\/\/silk-pajamas.com\/22-momme-crepe-silk-pajamas-short-sleeve-navy-wholesale\/"},"modified":"2026-05-09T08:41:37","modified_gmt":"2026-05-09T08:41:37","slug":"22-momme-crepe-silk-pajamas-short-sleeve-navy-wholesale","status":"publish","type":"product","link":"https:\/\/silk-pajamas.com\/pt\/22-momme-crepe-silk-pajamas-short-sleeve-navy-wholesale\/","title":{"rendered":"22 Momme Crepe Seda Pijama Manga Curta Marinho Atacado"},"content":{"rendered":"<p>Este conjunto de pijama cl\u00e1ssico \u00e9 feito de crepe de seda 22 momme num tom azul-marinho. Apresenta uma manga curta, um toque suave e um drapeado confort\u00e1vel para presentes. O estilo \u00e9 compat\u00edvel com os tamanhos XS, S, M, L, XL, XXL e funciona bem para usar no outono, para oferecer e para o conforto di\u00e1rio. Lavar \u00e0 m\u00e3o a frio ou utilizar um ciclo suave.<\/p>","protected":false},"excerpt":{"rendered":"<p>Conjunto de pijama cl\u00e1ssico 22 Momme Crepe de seda em azul-marinho. Acabamento de manga curta, toque termo-regulador e gama de tamanhos XS, S, M, L, XL, XXL. Concebido para os conjuntos de oferta.<\/p>","protected":false},"featured_media":2418,"template":"","meta":{"_gspb_post_css":""},"product_brand":[],"product_cat":[20],"product_tag":[185,186,187],"class_list":{"0":"post-595","1":"product","2":"type-product","3":"status-publish","4":"has-post-thumbnail","6":"product_cat-silk-pajamas","7":"product_tag-22-momme-silk-pajamas-navy","8":"product_tag-crepe-silk-pajamas-short-sleeve","9":"product_tag-manufacturer-silk-pajamas-for-gift-assortments","11":"first","12":"instock","13":"shipping-taxable","14":"purchasable","15":"product-type-simple"},"_links":{"self":[{"href":"https:\/\/silk-pajamas.com\/pt\/wp-json\/wp\/v2\/product\/595","targetHints":{"allow":["GET"]}}],"collection":[{"href":"https:\/\/silk-pajamas.com\/pt\/wp-json\/wp\/v2\/product"}],"about":[{"href":"https:\/\/silk-pajamas.com\/pt\/wp-json\/wp\/v2\/types\/product"}],"wp:featuredmedia":[{"embeddable":true,"href":"https:\/\/silk-pajamas.com\/pt\/wp-json\/wp\/v2\/media\/2418"}],"wp:attachment":[{"href":"https:\/\/silk-pajamas.com\/pt\/wp-json\/wp\/v2\/media?parent=595"}],"wp:term":[{"taxonomy":"product_brand","embeddable":true,"href":"https:\/\/silk-pajamas.com\/pt\/wp-json\/wp\/v2\/product_brand?post=595"},{"taxonomy":"product_cat","embeddable":true,"href":"https:\/\/silk-pajamas.com\/pt\/wp-json\/wp\/v2\/product_cat?post=595"},{"taxonomy":"product_tag","embeddable":true,"href":"https:\/\/silk-pajamas.com\/pt\/wp-json\/wp\/v2\/product_tag?post=595"}],"curies":[{"name":"wp","href":"https:\/\/api.w.org\/{rel}","templated":true}]}}