{"id":596,"date":"2026-04-12T15:43:09","date_gmt":"2026-04-12T15:43:09","guid":{"rendered":"https:\/\/silk-pajamas.com\/22-momme-mulberry-silk-pajama-set-contrast-trim-rose\/"},"modified":"2026-05-09T08:42:07","modified_gmt":"2026-05-09T08:42:07","slug":"22-momme-mulberry-silk-pajama-set-contrast-trim-rose","status":"publish","type":"product","link":"https:\/\/silk-pajamas.com\/pt\/22-momme-mulberry-silk-pajama-set-contrast-trim-rose\/","title":{"rendered":"22 Momme Conjunto de pijama de seda Mulberry com rebordo em contraste Rosa"},"content":{"rendered":"<p>Feito com seda de amora 22 momme, este conjunto de pijama cl\u00e1ssico oferece um toque leve e suave na pele e um movimento elegante. A constru\u00e7\u00e3o com acabamentos contrastantes e a cor rosa mant\u00eam o look polido para mulher. Dispon\u00edvel em XL, XXL, 3XL, 4XL. Lavar \u00e0 m\u00e3o a frio ou utilizar um ciclo suave.<\/p>","protected":false},"excerpt":{"rendered":"<p>22 Momme Conjunto de pijama cl\u00e1ssico de seda Mulberry em rosa. Acabamento com rebordo em contraste, toque leve e gama de tamanhos XL, XXL, 3XL, 4XL. Concebido para as mulheres.<\/p>","protected":false},"featured_media":2411,"template":"","meta":{"_gspb_post_css":""},"product_brand":[],"product_cat":[20],"product_tag":[188,190,189],"class_list":{"0":"post-596","1":"product","2":"type-product","3":"status-publish","4":"has-post-thumbnail","6":"product_cat-silk-pajamas","7":"product_tag-22-momme-silk-pajamas-rose","8":"product_tag-factory-silk-pajamas-for-women","9":"product_tag-mulberry-silk-pajamas-contrast-trim","11":"first","12":"instock","13":"shipping-taxable","14":"purchasable","15":"product-type-simple"},"_links":{"self":[{"href":"https:\/\/silk-pajamas.com\/pt\/wp-json\/wp\/v2\/product\/596","targetHints":{"allow":["GET"]}}],"collection":[{"href":"https:\/\/silk-pajamas.com\/pt\/wp-json\/wp\/v2\/product"}],"about":[{"href":"https:\/\/silk-pajamas.com\/pt\/wp-json\/wp\/v2\/types\/product"}],"wp:featuredmedia":[{"embeddable":true,"href":"https:\/\/silk-pajamas.com\/pt\/wp-json\/wp\/v2\/media\/2411"}],"wp:attachment":[{"href":"https:\/\/silk-pajamas.com\/pt\/wp-json\/wp\/v2\/media?parent=596"}],"wp:term":[{"taxonomy":"product_brand","embeddable":true,"href":"https:\/\/silk-pajamas.com\/pt\/wp-json\/wp\/v2\/product_brand?post=596"},{"taxonomy":"product_cat","embeddable":true,"href":"https:\/\/silk-pajamas.com\/pt\/wp-json\/wp\/v2\/product_cat?post=596"},{"taxonomy":"product_tag","embeddable":true,"href":"https:\/\/silk-pajamas.com\/pt\/wp-json\/wp\/v2\/product_tag?post=596"}],"curies":[{"name":"wp","href":"https:\/\/api.w.org\/{rel}","templated":true}]}}