{"id":601,"date":"2026-04-12T15:43:10","date_gmt":"2026-04-12T15:43:10","guid":{"rendered":"https:\/\/silk-pajamas.com\/19-momme-crepe-silk-pajama-set-piped-champagne\/"},"modified":"2026-05-09T07:50:27","modified_gmt":"2026-05-09T07:50:27","slug":"19-momme-crepe-silk-pajama-set-piped-champagne","status":"publish","type":"product","link":"https:\/\/silk-pajamas.com\/pt\/19-momme-crepe-silk-pajama-set-piped-champagne\/","title":{"rendered":"19 Momme Conjunto de pijama em crepe de seda com vivo champanhe"},"content":{"rendered":"<p>Este conjunto de pijama cl\u00e1ssico \u00e9 feito de crepe de seda 19 momme num tom champanhe. Apresenta debruns, um toque suave e um drapeado confort\u00e1vel para mulher. O estilo suporta os tamanhos S, M, L, XL e funciona bem para todas as esta\u00e7\u00f5es, para presentear e para o conforto di\u00e1rio. Lavar \u00e0 m\u00e3o a frio ou utilizar um ciclo suave.<\/p>","protected":false},"excerpt":{"rendered":"<p>19 Conjunto de pijama cl\u00e1ssico Momme Crepe de seda em champanhe. Acabamento com vivo, toque leve e tamanhos S, M, L, XL. Concebido para as mulheres.<\/p>","protected":false},"featured_media":2406,"template":"","meta":{"_gspb_post_css":""},"product_brand":[],"product_cat":[20],"product_tag":[200,201,184],"class_list":{"0":"post-601","1":"product","2":"type-product","3":"status-publish","4":"has-post-thumbnail","6":"product_cat-silk-pajamas","7":"product_tag-19-momme-silk-pajamas-champagne","8":"product_tag-crepe-silk-pajamas-piped","9":"product_tag-manufacturer-silk-pajamas-for-women","11":"first","12":"instock","13":"shipping-taxable","14":"purchasable","15":"product-type-simple"},"_links":{"self":[{"href":"https:\/\/silk-pajamas.com\/pt\/wp-json\/wp\/v2\/product\/601","targetHints":{"allow":["GET"]}}],"collection":[{"href":"https:\/\/silk-pajamas.com\/pt\/wp-json\/wp\/v2\/product"}],"about":[{"href":"https:\/\/silk-pajamas.com\/pt\/wp-json\/wp\/v2\/types\/product"}],"wp:featuredmedia":[{"embeddable":true,"href":"https:\/\/silk-pajamas.com\/pt\/wp-json\/wp\/v2\/media\/2406"}],"wp:attachment":[{"href":"https:\/\/silk-pajamas.com\/pt\/wp-json\/wp\/v2\/media?parent=601"}],"wp:term":[{"taxonomy":"product_brand","embeddable":true,"href":"https:\/\/silk-pajamas.com\/pt\/wp-json\/wp\/v2\/product_brand?post=601"},{"taxonomy":"product_cat","embeddable":true,"href":"https:\/\/silk-pajamas.com\/pt\/wp-json\/wp\/v2\/product_cat?post=601"},{"taxonomy":"product_tag","embeddable":true,"href":"https:\/\/silk-pajamas.com\/pt\/wp-json\/wp\/v2\/product_tag?post=601"}],"curies":[{"name":"wp","href":"https:\/\/api.w.org\/{rel}","templated":true}]}}