{"id":603,"date":"2026-04-12T15:43:10","date_gmt":"2026-04-12T15:43:10","guid":{"rendered":"https:\/\/silk-pajamas.com\/25-momme-sandwashed-silk-pajama-set-straight-leg-silver\/"},"modified":"2026-05-09T07:55:43","modified_gmt":"2026-05-09T07:55:43","slug":"25-momme-sandwashed-silk-pajama-set-straight-leg-silver","status":"publish","type":"product","link":"https:\/\/silk-pajamas.com\/pt\/25-momme-sandwashed-silk-pajama-set-straight-leg-silver\/","title":{"rendered":"25 Momme Conjunto de pijama de seda com barra de seda perna direita Prateado"},"content":{"rendered":"<p>Feito com seda de 25 mm, este conjunto de pijama cl\u00e1ssico oferece um toque suave, uma sensa\u00e7\u00e3o de pele delicada e um movimento elegante. A constru\u00e7\u00e3o de pernas direitas e a cor prateada mant\u00eam o look polido para mulher. Dispon\u00edvel em XS, S, M, L, XL, XXL. Lavar \u00e0 m\u00e3o a frio ou utilizar um ciclo suave.<\/p>","protected":false},"excerpt":{"rendered":"<p>25 Momme Conjunto de pijama cl\u00e1ssico em seda Sandwashed em prateado. Acabamento de perna direita, toque suave e gama de tamanhos XS, S, M, L, XL, XXL. Concebido para as mulheres.<\/p>","protected":false},"featured_media":2409,"template":"","meta":{"_gspb_post_css":""},"product_brand":[],"product_cat":[20],"product_tag":[205,206,207],"class_list":{"0":"post-603","1":"product","2":"type-product","3":"status-publish","4":"has-post-thumbnail","6":"product_cat-silk-pajamas","7":"product_tag-25-momme-silk-pajamas-silver","8":"product_tag-sandwashed-silk-pajamas-straight-leg","9":"product_tag-supplier-silk-pajamas-for-women","11":"first","12":"instock","13":"featured","14":"shipping-taxable","15":"purchasable","16":"product-type-simple"},"_links":{"self":[{"href":"https:\/\/silk-pajamas.com\/pt\/wp-json\/wp\/v2\/product\/603","targetHints":{"allow":["GET"]}}],"collection":[{"href":"https:\/\/silk-pajamas.com\/pt\/wp-json\/wp\/v2\/product"}],"about":[{"href":"https:\/\/silk-pajamas.com\/pt\/wp-json\/wp\/v2\/types\/product"}],"wp:featuredmedia":[{"embeddable":true,"href":"https:\/\/silk-pajamas.com\/pt\/wp-json\/wp\/v2\/media\/2409"}],"wp:attachment":[{"href":"https:\/\/silk-pajamas.com\/pt\/wp-json\/wp\/v2\/media?parent=603"}],"wp:term":[{"taxonomy":"product_brand","embeddable":true,"href":"https:\/\/silk-pajamas.com\/pt\/wp-json\/wp\/v2\/product_brand?post=603"},{"taxonomy":"product_cat","embeddable":true,"href":"https:\/\/silk-pajamas.com\/pt\/wp-json\/wp\/v2\/product_cat?post=603"},{"taxonomy":"product_tag","embeddable":true,"href":"https:\/\/silk-pajamas.com\/pt\/wp-json\/wp\/v2\/product_tag?post=603"}],"curies":[{"name":"wp","href":"https:\/\/api.w.org\/{rel}","templated":true}]}}