{"id":604,"date":"2026-04-12T15:43:10","date_gmt":"2026-04-12T15:43:10","guid":{"rendered":"https:\/\/silk-pajamas.com\/16-momme-crepe-silk-pajamas-straight-leg-rose-factory\/"},"modified":"2026-05-09T07:59:12","modified_gmt":"2026-05-09T07:59:12","slug":"16-momme-crepe-silk-pajamas-straight-leg-rose-factory","status":"publish","type":"product","link":"https:\/\/silk-pajamas.com\/pt\/16-momme-crepe-silk-pajamas-straight-leg-rose-factory\/","title":{"rendered":"16 Momme Crepe Silk Pijama Straight Leg Rose Factory"},"content":{"rendered":"<p>Este conjunto de pijama cl\u00e1ssico \u00e9 feito de crepe de seda 16 momme num tom rosa. Apresenta pernas direitas, um toque suave e um drapeado confort\u00e1vel para homem e mulher. O estilo \u00e9 compat\u00edvel com os tamanhos S, M, L, XL e funciona bem para usar na primavera, para oferecer e para o conforto di\u00e1rio. Lavar \u00e0 m\u00e3o a frio ou utilizar um ciclo suave.<\/p>","protected":false},"excerpt":{"rendered":"<p>16 Conjunto de pijama cl\u00e1ssico em seda Momme Crepe em rosa. Acabamento de perna direita, toque suave de drapeado e gama de tamanhos S, M, L, XL. Concebido para homem e mulher.<\/p>","protected":false},"featured_media":2413,"template":"","meta":{"_gspb_post_css":""},"product_brand":[],"product_cat":[20],"product_tag":[208,209,210],"class_list":{"0":"post-604","1":"product","2":"type-product","3":"status-publish","4":"has-post-thumbnail","6":"product_cat-silk-pajamas","7":"product_tag-16-momme-silk-pajamas-rose","8":"product_tag-crepe-silk-pajamas-straight-leg","9":"product_tag-factory-silk-pajamas-for-women-and-men","11":"first","12":"instock","13":"shipping-taxable","14":"purchasable","15":"product-type-simple"},"_links":{"self":[{"href":"https:\/\/silk-pajamas.com\/pt\/wp-json\/wp\/v2\/product\/604","targetHints":{"allow":["GET"]}}],"collection":[{"href":"https:\/\/silk-pajamas.com\/pt\/wp-json\/wp\/v2\/product"}],"about":[{"href":"https:\/\/silk-pajamas.com\/pt\/wp-json\/wp\/v2\/types\/product"}],"wp:featuredmedia":[{"embeddable":true,"href":"https:\/\/silk-pajamas.com\/pt\/wp-json\/wp\/v2\/media\/2413"}],"wp:attachment":[{"href":"https:\/\/silk-pajamas.com\/pt\/wp-json\/wp\/v2\/media?parent=604"}],"wp:term":[{"taxonomy":"product_brand","embeddable":true,"href":"https:\/\/silk-pajamas.com\/pt\/wp-json\/wp\/v2\/product_brand?post=604"},{"taxonomy":"product_cat","embeddable":true,"href":"https:\/\/silk-pajamas.com\/pt\/wp-json\/wp\/v2\/product_cat?post=604"},{"taxonomy":"product_tag","embeddable":true,"href":"https:\/\/silk-pajamas.com\/pt\/wp-json\/wp\/v2\/product_tag?post=604"}],"curies":[{"name":"wp","href":"https:\/\/api.w.org\/{rel}","templated":true}]}}