{"id":607,"date":"2026-04-12T15:43:10","date_gmt":"2026-04-12T15:43:10","guid":{"rendered":"https:\/\/silk-pajamas.com\/22-momme-mulberry-silk-pajamas-pocketed-pearl\/"},"modified":"2026-05-09T08:03:44","modified_gmt":"2026-05-09T08:03:44","slug":"22-momme-mulberry-silk-pajamas-pocketed-pearl","status":"publish","type":"product","link":"https:\/\/silk-pajamas.com\/pt\/22-momme-mulberry-silk-pajamas-pocketed-pearl\/","title":{"rendered":"22 Momme Pijama de seda de amora com bolso de p\u00e9rola"},"content":{"rendered":"<p>Confeccionado em seda de amora 22 momme, este conjunto de pijama cl\u00e1ssico combina o pormenor dos bolsos com um brilho suave e um toque respir\u00e1vel. O acabamento em p\u00e9rola confere-lhe um aspeto requintado, enquanto os tamanhos XL, XXL, 3XL, 4XL ajudam a cobrir a procura principal. Adequado para conjuntos de oferta e guarda-roupas de primavera. Lavar \u00e0 m\u00e3o a frio ou utilizar um ciclo suave.<\/p>","protected":false},"excerpt":{"rendered":"<p>22 Momme Conjunto de pijama cl\u00e1ssico em seda Mulberry em Pearl. Acabamento com bolsos, toque suave e gama de tamanhos XL, XXL, 3XL, 4XL. Concebido para conjuntos de oferta.<\/p>","protected":false},"featured_media":2414,"template":"","meta":{"_gspb_post_css":""},"product_brand":[],"product_cat":[20],"product_tag":[216,212,193],"class_list":{"0":"post-607","1":"product","2":"type-product","3":"status-publish","4":"has-post-thumbnail","6":"product_cat-silk-pajamas","7":"product_tag-22-momme-silk-pajamas-pearl","8":"product_tag-mulberry-silk-pajamas-pocketed","9":"product_tag-vendor-silk-pajamas-for-gift-assortments","11":"first","12":"instock","13":"shipping-taxable","14":"purchasable","15":"product-type-simple"},"_links":{"self":[{"href":"https:\/\/silk-pajamas.com\/pt\/wp-json\/wp\/v2\/product\/607","targetHints":{"allow":["GET"]}}],"collection":[{"href":"https:\/\/silk-pajamas.com\/pt\/wp-json\/wp\/v2\/product"}],"about":[{"href":"https:\/\/silk-pajamas.com\/pt\/wp-json\/wp\/v2\/types\/product"}],"wp:featuredmedia":[{"embeddable":true,"href":"https:\/\/silk-pajamas.com\/pt\/wp-json\/wp\/v2\/media\/2414"}],"wp:attachment":[{"href":"https:\/\/silk-pajamas.com\/pt\/wp-json\/wp\/v2\/media?parent=607"}],"wp:term":[{"taxonomy":"product_brand","embeddable":true,"href":"https:\/\/silk-pajamas.com\/pt\/wp-json\/wp\/v2\/product_brand?post=607"},{"taxonomy":"product_cat","embeddable":true,"href":"https:\/\/silk-pajamas.com\/pt\/wp-json\/wp\/v2\/product_cat?post=607"},{"taxonomy":"product_tag","embeddable":true,"href":"https:\/\/silk-pajamas.com\/pt\/wp-json\/wp\/v2\/product_tag?post=607"}],"curies":[{"name":"wp","href":"https:\/\/api.w.org\/{rel}","templated":true}]}}