{"id":610,"date":"2026-04-12T15:43:10","date_gmt":"2026-04-12T15:43:10","guid":{"rendered":"https:\/\/silk-pajamas.com\/22-momme-mulberry-silk-pajama-set-short-sleeve-leopard\/"},"modified":"2026-05-09T08:07:57","modified_gmt":"2026-05-09T08:07:57","slug":"22-momme-mulberry-silk-pajama-set-short-sleeve-leopard","status":"publish","type":"product","link":"https:\/\/silk-pajamas.com\/pt\/22-momme-mulberry-silk-pajama-set-short-sleeve-leopard\/","title":{"rendered":"22 Momme Mulberry Silk Pajama Set Short Sleeve Leopard"},"content":{"rendered":"<p>Feito com seda de amora 22 momme, este conjunto de pijama cl\u00e1ssico oferece um toque suave, uma sensa\u00e7\u00e3o de pele delicada e um movimento elegante. A constru\u00e7\u00e3o de manga curta e a cor de leopardo mant\u00eam o look polido para mulher. Dispon\u00edvel em XL, XXL, 3XL, 4XL. Lavar \u00e0 m\u00e3o a frio ou utilizar um ciclo suave.<\/p>","protected":false},"excerpt":{"rendered":"<p>22 Momme Conjunto de pijama cl\u00e1ssico de seda Mulberry em Leopardo. Acabamento de manga curta, toque suave e tamanhos XL, XXL, 3XL, 4XL. Concebido para as mulheres.<\/p>","protected":false},"featured_media":2421,"template":"","meta":{"_gspb_post_css":""},"product_brand":[],"product_cat":[20],"product_tag":[182,184,214],"class_list":{"0":"post-610","1":"product","2":"type-product","3":"status-publish","4":"has-post-thumbnail","6":"product_cat-silk-pajamas","7":"product_tag-22-momme-silk-pajamas-leopard","8":"product_tag-manufacturer-silk-pajamas-for-women","9":"product_tag-mulberry-silk-pajamas-short-sleeve","11":"first","12":"instock","13":"shipping-taxable","14":"purchasable","15":"product-type-simple"},"_links":{"self":[{"href":"https:\/\/silk-pajamas.com\/pt\/wp-json\/wp\/v2\/product\/610","targetHints":{"allow":["GET"]}}],"collection":[{"href":"https:\/\/silk-pajamas.com\/pt\/wp-json\/wp\/v2\/product"}],"about":[{"href":"https:\/\/silk-pajamas.com\/pt\/wp-json\/wp\/v2\/types\/product"}],"wp:featuredmedia":[{"embeddable":true,"href":"https:\/\/silk-pajamas.com\/pt\/wp-json\/wp\/v2\/media\/2421"}],"wp:attachment":[{"href":"https:\/\/silk-pajamas.com\/pt\/wp-json\/wp\/v2\/media?parent=610"}],"wp:term":[{"taxonomy":"product_brand","embeddable":true,"href":"https:\/\/silk-pajamas.com\/pt\/wp-json\/wp\/v2\/product_brand?post=610"},{"taxonomy":"product_cat","embeddable":true,"href":"https:\/\/silk-pajamas.com\/pt\/wp-json\/wp\/v2\/product_cat?post=610"},{"taxonomy":"product_tag","embeddable":true,"href":"https:\/\/silk-pajamas.com\/pt\/wp-json\/wp\/v2\/product_tag?post=610"}],"curies":[{"name":"wp","href":"https:\/\/api.w.org\/{rel}","templated":true}]}}