{"id":611,"date":"2026-04-12T15:43:10","date_gmt":"2026-04-12T15:43:10","guid":{"rendered":"https:\/\/silk-pajamas.com\/19-momme-mulberry-silk-pajama-set-contrast-trim-champagne\/"},"modified":"2026-05-09T08:08:28","modified_gmt":"2026-05-09T08:08:28","slug":"19-momme-mulberry-silk-pajama-set-contrast-trim-champagne","status":"publish","type":"product","link":"https:\/\/silk-pajamas.com\/pt\/19-momme-mulberry-silk-pajama-set-contrast-trim-champagne\/","title":{"rendered":"19 Momme Conjunto de pijama em seda Mulberry com rebordo em contraste Champanhe"},"content":{"rendered":"<p>Confeccionado em seda de amora 19 momme, este conjunto de pijama cl\u00e1ssico combina detalhes de remate contrastantes com um brilho suave e um toque respir\u00e1vel. O acabamento em champanhe confere-lhe um aspeto requintado, enquanto os tamanhos XS, S, M, L, XL, XXL ajudam a cobrir as necessidades b\u00e1sicas. Adequado para utiliza\u00e7\u00e3o em viagem e para os guarda-roupas de primavera. Lavar \u00e0 m\u00e3o a frio ou utilizar um ciclo suave.<\/p>","protected":false},"excerpt":{"rendered":"<p>19 Momme Conjunto de pijama cl\u00e1ssico em seda Mulberry em Champagne. Acabamento com acabamentos em contraste, toque respir\u00e1vel e gama de tamanhos XS, S, M, L, XL, XXL. Concebido para utiliza\u00e7\u00e3o em viagem.<\/p>","protected":false},"featured_media":2406,"template":"","meta":{"_gspb_post_css":""},"product_brand":[],"product_cat":[20],"product_tag":[200,189,204],"class_list":{"0":"post-611","1":"product","2":"type-product","3":"status-publish","4":"has-post-thumbnail","6":"product_cat-silk-pajamas","7":"product_tag-19-momme-silk-pajamas-champagne","8":"product_tag-mulberry-silk-pajamas-contrast-trim","9":"product_tag-supplier-silk-pajamas-for-travel-use","11":"first","12":"instock","13":"shipping-taxable","14":"purchasable","15":"product-type-simple"},"_links":{"self":[{"href":"https:\/\/silk-pajamas.com\/pt\/wp-json\/wp\/v2\/product\/611","targetHints":{"allow":["GET"]}}],"collection":[{"href":"https:\/\/silk-pajamas.com\/pt\/wp-json\/wp\/v2\/product"}],"about":[{"href":"https:\/\/silk-pajamas.com\/pt\/wp-json\/wp\/v2\/types\/product"}],"wp:featuredmedia":[{"embeddable":true,"href":"https:\/\/silk-pajamas.com\/pt\/wp-json\/wp\/v2\/media\/2406"}],"wp:attachment":[{"href":"https:\/\/silk-pajamas.com\/pt\/wp-json\/wp\/v2\/media?parent=611"}],"wp:term":[{"taxonomy":"product_brand","embeddable":true,"href":"https:\/\/silk-pajamas.com\/pt\/wp-json\/wp\/v2\/product_brand?post=611"},{"taxonomy":"product_cat","embeddable":true,"href":"https:\/\/silk-pajamas.com\/pt\/wp-json\/wp\/v2\/product_cat?post=611"},{"taxonomy":"product_tag","embeddable":true,"href":"https:\/\/silk-pajamas.com\/pt\/wp-json\/wp\/v2\/product_tag?post=611"}],"curies":[{"name":"wp","href":"https:\/\/api.w.org\/{rel}","templated":true}]}}