{"id":612,"date":"2026-04-12T15:43:11","date_gmt":"2026-04-12T15:43:11","guid":{"rendered":"https:\/\/silk-pajamas.com\/16-momme-crepe-silk-pajamas-long-sleeve-wine-vendor\/"},"modified":"2026-05-09T07:24:04","modified_gmt":"2026-05-09T07:24:04","slug":"16-momme-crepe-silk-pajamas-long-sleeve-wine-vendor","status":"publish","type":"product","link":"https:\/\/silk-pajamas.com\/pt\/16-momme-crepe-silk-pajamas-long-sleeve-wine-vendor\/","title":{"rendered":"16 Momme Crepe Seda Pijama Manga comprida Vendedor de vinho"},"content":{"rendered":"<p>Confeccionado em crepe de seda 16 momme, este conjunto de pijama cl\u00e1ssico combina detalhes de manga comprida com um brilho suave e um toque respir\u00e1vel. O acabamento em vinho confere-lhe um aspeto requintado, enquanto os tamanhos XS, S, M, L, XL, XXL ajudam a cobrir a procura principal. Adequado para conjuntos de oferta e guarda-roupas de todas as esta\u00e7\u00f5es. Lavar \u00e0 m\u00e3o a frio ou utilizar um ciclo suave.<\/p>","protected":false},"excerpt":{"rendered":"<p>Conjunto de pijama cl\u00e1ssico 16 Momme Crepe de seda em vinho. Acabamento de manga comprida, toque respir\u00e1vel e gama de tamanhos XS, S, M, L, XL, XXL. Concebido para os conjuntos de oferta.<\/p>","protected":false},"featured_media":2385,"template":"","meta":{"_gspb_post_css":""},"product_brand":[],"product_cat":[20],"product_tag":[220,221,215],"class_list":{"0":"post-612","1":"product","2":"type-product","3":"status-publish","4":"has-post-thumbnail","6":"product_cat-silk-pajamas","7":"product_tag-16-momme-silk-pajamas-wine","8":"product_tag-crepe-silk-pajamas-long-sleeve","9":"product_tag-wholesale-silk-pajamas-for-gift-assortments","11":"first","12":"instock","13":"shipping-taxable","14":"purchasable","15":"product-type-simple"},"_links":{"self":[{"href":"https:\/\/silk-pajamas.com\/pt\/wp-json\/wp\/v2\/product\/612","targetHints":{"allow":["GET"]}}],"collection":[{"href":"https:\/\/silk-pajamas.com\/pt\/wp-json\/wp\/v2\/product"}],"about":[{"href":"https:\/\/silk-pajamas.com\/pt\/wp-json\/wp\/v2\/types\/product"}],"wp:featuredmedia":[{"embeddable":true,"href":"https:\/\/silk-pajamas.com\/pt\/wp-json\/wp\/v2\/media\/2385"}],"wp:attachment":[{"href":"https:\/\/silk-pajamas.com\/pt\/wp-json\/wp\/v2\/media?parent=612"}],"wp:term":[{"taxonomy":"product_brand","embeddable":true,"href":"https:\/\/silk-pajamas.com\/pt\/wp-json\/wp\/v2\/product_brand?post=612"},{"taxonomy":"product_cat","embeddable":true,"href":"https:\/\/silk-pajamas.com\/pt\/wp-json\/wp\/v2\/product_cat?post=612"},{"taxonomy":"product_tag","embeddable":true,"href":"https:\/\/silk-pajamas.com\/pt\/wp-json\/wp\/v2\/product_tag?post=612"}],"curies":[{"name":"wp","href":"https:\/\/api.w.org\/{rel}","templated":true}]}}