{"id":613,"date":"2026-04-12T15:43:11","date_gmt":"2026-04-12T15:43:11","guid":{"rendered":"https:\/\/silk-pajamas.com\/25-momme-sandwashed-silk-kimono-robe-longline-pearl\/"},"modified":"2026-05-09T07:33:14","modified_gmt":"2026-05-09T07:33:14","slug":"25-momme-sandwashed-silk-kimono-robe-longline-pearl","status":"publish","type":"product","link":"https:\/\/silk-pajamas.com\/pt\/25-momme-sandwashed-silk-kimono-robe-longline-pearl\/","title":{"rendered":"25 Momme Roup\u00e3o quimono de seda com barra de seda e decote longo P\u00e9rola"},"content":{"rendered":"<p>Feito com seda lavada de 25 mm, este robe e quimono oferece uma sensa\u00e7\u00e3o de pele suave e respir\u00e1vel e um movimento elegante. A constru\u00e7\u00e3o longil\u00ednea e a cor p\u00e9rola mant\u00eam o visual polido para programas de spa. Dispon\u00edvel em Personalizado. Lavar \u00e0 m\u00e3o a frio ou utilizar um ciclo suave.<\/p>","protected":false},"excerpt":{"rendered":"<p>25 Roup\u00e3o e quimono em seda Momme Sandwashed em Pearl. Acabamento longil\u00edneo, toque respir\u00e1vel e gama de tamanhos Custom. Concebido para programas de spa.<\/p>","protected":false},"featured_media":2387,"template":"","meta":{"_gspb_post_css":""},"product_brand":[],"product_cat":[24],"product_tag":[222,223,224],"class_list":{"0":"post-613","1":"product","2":"type-product","3":"status-publish","4":"has-post-thumbnail","6":"product_cat-silk-robes-and-kimonos","7":"product_tag-25-momme-silk-robe-pearl","8":"product_tag-sandwashed-silk-robe-longline","9":"product_tag-supplier-silk-robe-for-spa-programs","11":"first","12":"instock","13":"featured","14":"shipping-taxable","15":"purchasable","16":"product-type-simple"},"_links":{"self":[{"href":"https:\/\/silk-pajamas.com\/pt\/wp-json\/wp\/v2\/product\/613","targetHints":{"allow":["GET"]}}],"collection":[{"href":"https:\/\/silk-pajamas.com\/pt\/wp-json\/wp\/v2\/product"}],"about":[{"href":"https:\/\/silk-pajamas.com\/pt\/wp-json\/wp\/v2\/types\/product"}],"wp:featuredmedia":[{"embeddable":true,"href":"https:\/\/silk-pajamas.com\/pt\/wp-json\/wp\/v2\/media\/2387"}],"wp:attachment":[{"href":"https:\/\/silk-pajamas.com\/pt\/wp-json\/wp\/v2\/media?parent=613"}],"wp:term":[{"taxonomy":"product_brand","embeddable":true,"href":"https:\/\/silk-pajamas.com\/pt\/wp-json\/wp\/v2\/product_brand?post=613"},{"taxonomy":"product_cat","embeddable":true,"href":"https:\/\/silk-pajamas.com\/pt\/wp-json\/wp\/v2\/product_cat?post=613"},{"taxonomy":"product_tag","embeddable":true,"href":"https:\/\/silk-pajamas.com\/pt\/wp-json\/wp\/v2\/product_tag?post=613"}],"curies":[{"name":"wp","href":"https:\/\/api.w.org\/{rel}","templated":true}]}}