{"id":625,"date":"2026-04-12T15:43:12","date_gmt":"2026-04-12T15:43:12","guid":{"rendered":"https:\/\/silk-pajamas.com\/25-momme-mulberry-silk-kimono-robe-piped-silver\/"},"modified":"2026-05-09T07:18:47","modified_gmt":"2026-05-09T07:18:47","slug":"25-momme-mulberry-silk-kimono-robe-piped-silver","status":"publish","type":"product","link":"https:\/\/silk-pajamas.com\/pt\/25-momme-mulberry-silk-kimono-robe-piped-silver\/","title":{"rendered":"25 Momme Robe quimono de seda de amora com cano prateado"},"content":{"rendered":"<p>Confeccionado em seda de amoreira 25 momme, este robe e quimono combina pormenores com um brilho suave e um toque respir\u00e1vel. O acabamento prateado confere-lhe um aspeto requintado, enquanto os tamanhos S, M, L, XL ajudam a cobrir as necessidades b\u00e1sicas. Adequado para vestir em est\u00e2ncias balneares e guarda-roupas de ver\u00e3o. Lavar \u00e0 m\u00e3o a frio ou utilizar um ciclo suave.<\/p>","protected":false},"excerpt":{"rendered":"<p>25 Roup\u00e3o e kimono de seda Momme Mulberry em prateado. Acabamento com canos, toque suave e tamanhos S, M, L, XL. Concebido para vestir em est\u00e2ncias balneares.<\/p>","protected":false},"featured_media":2257,"template":"","meta":{"_gspb_post_css":""},"product_brand":[],"product_cat":[24],"product_tag":[252,235,253],"class_list":{"0":"post-625","1":"product","2":"type-product","3":"status-publish","4":"has-post-thumbnail","6":"product_cat-silk-robes-and-kimonos","7":"product_tag-25-momme-silk-robe-silver","8":"product_tag-factory-silk-robe-for-resort-dressing","9":"product_tag-mulberry-silk-robe-piped","11":"first","12":"instock","13":"shipping-taxable","14":"purchasable","15":"product-type-simple"},"_links":{"self":[{"href":"https:\/\/silk-pajamas.com\/pt\/wp-json\/wp\/v2\/product\/625","targetHints":{"allow":["GET"]}}],"collection":[{"href":"https:\/\/silk-pajamas.com\/pt\/wp-json\/wp\/v2\/product"}],"about":[{"href":"https:\/\/silk-pajamas.com\/pt\/wp-json\/wp\/v2\/types\/product"}],"wp:featuredmedia":[{"embeddable":true,"href":"https:\/\/silk-pajamas.com\/pt\/wp-json\/wp\/v2\/media\/2257"}],"wp:attachment":[{"href":"https:\/\/silk-pajamas.com\/pt\/wp-json\/wp\/v2\/media?parent=625"}],"wp:term":[{"taxonomy":"product_brand","embeddable":true,"href":"https:\/\/silk-pajamas.com\/pt\/wp-json\/wp\/v2\/product_brand?post=625"},{"taxonomy":"product_cat","embeddable":true,"href":"https:\/\/silk-pajamas.com\/pt\/wp-json\/wp\/v2\/product_cat?post=625"},{"taxonomy":"product_tag","embeddable":true,"href":"https:\/\/silk-pajamas.com\/pt\/wp-json\/wp\/v2\/product_tag?post=625"}],"curies":[{"name":"wp","href":"https:\/\/api.w.org\/{rel}","templated":true}]}}