{"id":631,"date":"2026-04-12T15:43:13","date_gmt":"2026-04-12T15:43:13","guid":{"rendered":"https:\/\/silk-pajamas.com\/19-momme-crepe-silk-kimono-robe-jacquard-lilac\/"},"modified":"2026-05-09T01:54:00","modified_gmt":"2026-05-09T01:54:00","slug":"19-momme-crepe-silk-kimono-robe-jacquard-lilac","status":"publish","type":"product","link":"https:\/\/silk-pajamas.com\/pt\/19-momme-crepe-silk-kimono-robe-jacquard-lilac\/","title":{"rendered":"19 Momme Crepe Seda Kimono Robe Jacquard Lil\u00e1s"},"content":{"rendered":"<p>Este robe e quimono \u00e9 feito de crepe de seda 19 momme num tom lil\u00e1s. Apresenta jacquard, um toque suave e um drapeado confort\u00e1vel para programas de spa. O estilo \u00e9 compat\u00edvel com os tamanhos S, M, L, XL e funciona bem para usar no ver\u00e3o, para oferecer e para o conforto di\u00e1rio. Lavar \u00e0 m\u00e3o a frio ou utilizar um ciclo suave.<\/p>","protected":false},"excerpt":{"rendered":"<p>19 Roup\u00e3o e quimono de seda Momme Crepe em lil\u00e1s. Acabamento em jacquard, toque suave e tamanhos S, M, L, XL. Concebido para programas de spa.<\/p>","protected":false},"featured_media":2379,"template":"","meta":{"_gspb_post_css":""},"product_brand":[],"product_cat":[24],"product_tag":[260,261,237],"class_list":{"0":"post-631","1":"product","2":"type-product","3":"status-publish","4":"has-post-thumbnail","6":"product_cat-silk-robes-and-kimonos","7":"product_tag-19-momme-silk-robe-lilac","8":"product_tag-crepe-silk-robe-jacquard","9":"product_tag-wholesale-silk-robe-for-spa-programs","11":"first","12":"instock","13":"shipping-taxable","14":"purchasable","15":"product-type-simple"},"_links":{"self":[{"href":"https:\/\/silk-pajamas.com\/pt\/wp-json\/wp\/v2\/product\/631","targetHints":{"allow":["GET"]}}],"collection":[{"href":"https:\/\/silk-pajamas.com\/pt\/wp-json\/wp\/v2\/product"}],"about":[{"href":"https:\/\/silk-pajamas.com\/pt\/wp-json\/wp\/v2\/types\/product"}],"wp:featuredmedia":[{"embeddable":true,"href":"https:\/\/silk-pajamas.com\/pt\/wp-json\/wp\/v2\/media\/2379"}],"wp:attachment":[{"href":"https:\/\/silk-pajamas.com\/pt\/wp-json\/wp\/v2\/media?parent=631"}],"wp:term":[{"taxonomy":"product_brand","embeddable":true,"href":"https:\/\/silk-pajamas.com\/pt\/wp-json\/wp\/v2\/product_brand?post=631"},{"taxonomy":"product_cat","embeddable":true,"href":"https:\/\/silk-pajamas.com\/pt\/wp-json\/wp\/v2\/product_cat?post=631"},{"taxonomy":"product_tag","embeddable":true,"href":"https:\/\/silk-pajamas.com\/pt\/wp-json\/wp\/v2\/product_tag?post=631"}],"curies":[{"name":"wp","href":"https:\/\/api.w.org\/{rel}","templated":true}]}}