{"id":632,"date":"2026-04-12T15:43:13","date_gmt":"2026-04-12T15:43:13","guid":{"rendered":"https:\/\/silk-pajamas.com\/19-momme-crepe-silk-robe-piped-sky-blue-supplier\/"},"modified":"2026-05-09T01:54:29","modified_gmt":"2026-05-09T01:54:29","slug":"19-momme-crepe-silk-robe-piped-sky-blue-supplier","status":"publish","type":"product","link":"https:\/\/silk-pajamas.com\/pt\/19-momme-crepe-silk-robe-piped-sky-blue-supplier\/","title":{"rendered":"19 Momme Robe em crepe de seda com canelado azul celeste Fornecedor"},"content":{"rendered":"<p>Fabricado com crepe de seda de 19 momme, este robe e quimono oferece um toque leve e suave na pele e um movimento elegante. A constru\u00e7\u00e3o com tubagens e a cor azul-celeste mant\u00eam o visual elegante para programas de spa. Dispon\u00edvel em S, M, L, XL. Lavar \u00e0 m\u00e3o a frio ou utilizar um ciclo suave.<\/p>","protected":false},"excerpt":{"rendered":"<p>19 Roup\u00e3o e quimono de seda Momme Crepe em azul celeste. Acabamento com canos, toque leve e gama de tamanhos S, M, L, XL. Concebido para programas de spa.<\/p>","protected":false},"featured_media":2303,"template":"","meta":{"_gspb_post_css":""},"product_brand":[],"product_cat":[24],"product_tag":[262,263,264],"class_list":{"0":"post-632","1":"product","2":"type-product","3":"status-publish","4":"has-post-thumbnail","6":"product_cat-silk-robes-and-kimonos","7":"product_tag-19-momme-silk-robe-sky-blue","8":"product_tag-crepe-silk-robe-piped","9":"product_tag-factory-silk-robe-for-spa-programs","11":"first","12":"instock","13":"shipping-taxable","14":"purchasable","15":"product-type-simple"},"_links":{"self":[{"href":"https:\/\/silk-pajamas.com\/pt\/wp-json\/wp\/v2\/product\/632","targetHints":{"allow":["GET"]}}],"collection":[{"href":"https:\/\/silk-pajamas.com\/pt\/wp-json\/wp\/v2\/product"}],"about":[{"href":"https:\/\/silk-pajamas.com\/pt\/wp-json\/wp\/v2\/types\/product"}],"wp:featuredmedia":[{"embeddable":true,"href":"https:\/\/silk-pajamas.com\/pt\/wp-json\/wp\/v2\/media\/2303"}],"wp:attachment":[{"href":"https:\/\/silk-pajamas.com\/pt\/wp-json\/wp\/v2\/media?parent=632"}],"wp:term":[{"taxonomy":"product_brand","embeddable":true,"href":"https:\/\/silk-pajamas.com\/pt\/wp-json\/wp\/v2\/product_brand?post=632"},{"taxonomy":"product_cat","embeddable":true,"href":"https:\/\/silk-pajamas.com\/pt\/wp-json\/wp\/v2\/product_cat?post=632"},{"taxonomy":"product_tag","embeddable":true,"href":"https:\/\/silk-pajamas.com\/pt\/wp-json\/wp\/v2\/product_tag?post=632"}],"curies":[{"name":"wp","href":"https:\/\/api.w.org\/{rel}","templated":true}]}}