{"id":633,"date":"2026-04-12T15:43:13","date_gmt":"2026-04-12T15:43:13","guid":{"rendered":"https:\/\/silk-pajamas.com\/22-momme-crepe-silk-robe-jacquard-silver-factory\/"},"modified":"2026-05-09T01:55:09","modified_gmt":"2026-05-09T01:55:09","slug":"22-momme-crepe-silk-robe-jacquard-silver-factory","status":"publish","type":"product","link":"https:\/\/silk-pajamas.com\/pt\/22-momme-crepe-silk-robe-jacquard-silver-factory\/","title":{"rendered":"22 Momme Crepe de seda Robe Jacquard Prata Factory"},"content":{"rendered":"<p>Fabricado em crepe de seda de 22 momme, este robe e quimono \u00e9 resistente \u00e0s rugas, tem um toque suave na pele e um movimento elegante. A constru\u00e7\u00e3o em jacquard e a cor prateada mant\u00eam o visual polido para os guarda-roupas de noiva. Dispon\u00edvel em tamanho \u00fanico. Lavar \u00e0 m\u00e3o a frio ou utilizar um ciclo suave.<\/p>","protected":false},"excerpt":{"rendered":"<p>22 Roup\u00e3o e quimono de seda Momme Crepe em prateado. Acabamento em jacquard, toque resistente \u00e0s rugas e tamanho \u00fanico. Concebido para o guarda-roupa das noivas.<\/p>","protected":false},"featured_media":2255,"template":"","meta":{"_gspb_post_css":""},"product_brand":[],"product_cat":[24],"product_tag":[265,261,230],"class_list":{"0":"post-633","1":"product","2":"type-product","3":"status-publish","4":"has-post-thumbnail","6":"product_cat-silk-robes-and-kimonos","7":"product_tag-22-momme-silk-robe-silver","8":"product_tag-crepe-silk-robe-jacquard","9":"product_tag-vendor-silk-robe-for-bridal-wardrobes","11":"first","12":"instock","13":"featured","14":"shipping-taxable","15":"purchasable","16":"product-type-simple"},"_links":{"self":[{"href":"https:\/\/silk-pajamas.com\/pt\/wp-json\/wp\/v2\/product\/633","targetHints":{"allow":["GET"]}}],"collection":[{"href":"https:\/\/silk-pajamas.com\/pt\/wp-json\/wp\/v2\/product"}],"about":[{"href":"https:\/\/silk-pajamas.com\/pt\/wp-json\/wp\/v2\/types\/product"}],"wp:featuredmedia":[{"embeddable":true,"href":"https:\/\/silk-pajamas.com\/pt\/wp-json\/wp\/v2\/media\/2255"}],"wp:attachment":[{"href":"https:\/\/silk-pajamas.com\/pt\/wp-json\/wp\/v2\/media?parent=633"}],"wp:term":[{"taxonomy":"product_brand","embeddable":true,"href":"https:\/\/silk-pajamas.com\/pt\/wp-json\/wp\/v2\/product_brand?post=633"},{"taxonomy":"product_cat","embeddable":true,"href":"https:\/\/silk-pajamas.com\/pt\/wp-json\/wp\/v2\/product_cat?post=633"},{"taxonomy":"product_tag","embeddable":true,"href":"https:\/\/silk-pajamas.com\/pt\/wp-json\/wp\/v2\/product_tag?post=633"}],"curies":[{"name":"wp","href":"https:\/\/api.w.org\/{rel}","templated":true}]}}