{"id":635,"date":"2026-04-12T15:43:13","date_gmt":"2026-04-12T15:43:13","guid":{"rendered":"https:\/\/silk-pajamas.com\/19-momme-crepe-silk-kimono-robe-jacquard-lilac-oeko-tex\/"},"modified":"2026-05-09T01:56:04","modified_gmt":"2026-05-09T01:56:04","slug":"19-momme-crepe-silk-kimono-robe-jacquard-lilac-oeko-tex","status":"publish","type":"product","link":"https:\/\/silk-pajamas.com\/pt\/19-momme-crepe-silk-kimono-robe-jacquard-lilac-oeko-tex\/","title":{"rendered":"19 Momme Crepe Seda Kimono Robe Jacquard Lil\u00e1s OEKO-TEX"},"content":{"rendered":"<p>Confeccionado em crepe de seda de 19 momme, este robe e quimono oferece uma sensa\u00e7\u00e3o de pele suave e respir\u00e1vel e um movimento elegante. A constru\u00e7\u00e3o em jacquard e a cor lil\u00e1s mant\u00eam o visual polido para os guarda-roupas de noiva. Dispon\u00edvel em S, M, L, XL. Lavar \u00e0 m\u00e3o a frio ou utilizar um ciclo suave.<\/p>","protected":false},"excerpt":{"rendered":"<p>19 Roup\u00e3o e quimono de seda Momme Crepe em Lil\u00e1s. Acabamento em jacquard, toque respir\u00e1vel e tamanhos S, M, L, XL. Concebido para o guarda-roupa das noivas.<\/p>","protected":false},"featured_media":2379,"template":"","meta":{"_gspb_post_css":""},"product_brand":[],"product_cat":[24],"product_tag":[260,261,268],"class_list":{"0":"post-635","1":"product","2":"type-product","3":"status-publish","4":"has-post-thumbnail","6":"product_cat-silk-robes-and-kimonos","7":"product_tag-19-momme-silk-robe-lilac","8":"product_tag-crepe-silk-robe-jacquard","9":"product_tag-manufacturer-silk-robe-for-bridal-wardrobes","11":"first","12":"instock","13":"shipping-taxable","14":"purchasable","15":"product-type-simple"},"_links":{"self":[{"href":"https:\/\/silk-pajamas.com\/pt\/wp-json\/wp\/v2\/product\/635","targetHints":{"allow":["GET"]}}],"collection":[{"href":"https:\/\/silk-pajamas.com\/pt\/wp-json\/wp\/v2\/product"}],"about":[{"href":"https:\/\/silk-pajamas.com\/pt\/wp-json\/wp\/v2\/types\/product"}],"wp:featuredmedia":[{"embeddable":true,"href":"https:\/\/silk-pajamas.com\/pt\/wp-json\/wp\/v2\/media\/2379"}],"wp:attachment":[{"href":"https:\/\/silk-pajamas.com\/pt\/wp-json\/wp\/v2\/media?parent=635"}],"wp:term":[{"taxonomy":"product_brand","embeddable":true,"href":"https:\/\/silk-pajamas.com\/pt\/wp-json\/wp\/v2\/product_brand?post=635"},{"taxonomy":"product_cat","embeddable":true,"href":"https:\/\/silk-pajamas.com\/pt\/wp-json\/wp\/v2\/product_cat?post=635"},{"taxonomy":"product_tag","embeddable":true,"href":"https:\/\/silk-pajamas.com\/pt\/wp-json\/wp\/v2\/product_tag?post=635"}],"curies":[{"name":"wp","href":"https:\/\/api.w.org\/{rel}","templated":true}]}}