{"id":636,"date":"2026-04-12T15:43:13","date_gmt":"2026-04-12T15:43:13","guid":{"rendered":"https:\/\/silk-pajamas.com\/22-momme-sandwashed-silk-kimono-robe-piped-coffee\/"},"modified":"2026-05-09T02:29:54","modified_gmt":"2026-05-09T02:29:54","slug":"22-momme-sandwashed-silk-kimono-robe-piped-coffee","status":"publish","type":"product","link":"https:\/\/silk-pajamas.com\/pt\/22-momme-sandwashed-silk-kimono-robe-piped-coffee\/","title":{"rendered":"22 Momme Roup\u00e3o quimono de seda com ligeiro relevo Caf\u00e9"},"content":{"rendered":"<p>Confeccionado com seda de 22 momme, este robe e quimono oferece um toque leve e suave na pele e um movimento elegante. A constru\u00e7\u00e3o com debruns e a cor caf\u00e9 mant\u00eam o visual polido para os guarda-roupas de noiva. Dispon\u00edvel em S, M, L, XL. Lavar \u00e0 m\u00e3o a frio ou utilizar um ciclo suave.<\/p>","protected":false},"excerpt":{"rendered":"<p>22 Momme Roup\u00e3o e quimono em seda lavada em caf\u00e9. Acabamento com canos, toque leve e tamanhos S, M, L, XL. Concebido para o guarda-roupa das noivas.<\/p>","protected":false},"featured_media":2381,"template":"","meta":{"_gspb_post_css":""},"product_brand":[],"product_cat":[24],"product_tag":[269,270,230],"class_list":{"0":"post-636","1":"product","2":"type-product","3":"status-publish","4":"has-post-thumbnail","6":"product_cat-silk-robes-and-kimonos","7":"product_tag-22-momme-silk-robe-coffee","8":"product_tag-sandwashed-silk-robe-piped","9":"product_tag-vendor-silk-robe-for-bridal-wardrobes","11":"first","12":"instock","13":"shipping-taxable","14":"purchasable","15":"product-type-simple"},"_links":{"self":[{"href":"https:\/\/silk-pajamas.com\/pt\/wp-json\/wp\/v2\/product\/636","targetHints":{"allow":["GET"]}}],"collection":[{"href":"https:\/\/silk-pajamas.com\/pt\/wp-json\/wp\/v2\/product"}],"about":[{"href":"https:\/\/silk-pajamas.com\/pt\/wp-json\/wp\/v2\/types\/product"}],"wp:featuredmedia":[{"embeddable":true,"href":"https:\/\/silk-pajamas.com\/pt\/wp-json\/wp\/v2\/media\/2381"}],"wp:attachment":[{"href":"https:\/\/silk-pajamas.com\/pt\/wp-json\/wp\/v2\/media?parent=636"}],"wp:term":[{"taxonomy":"product_brand","embeddable":true,"href":"https:\/\/silk-pajamas.com\/pt\/wp-json\/wp\/v2\/product_brand?post=636"},{"taxonomy":"product_cat","embeddable":true,"href":"https:\/\/silk-pajamas.com\/pt\/wp-json\/wp\/v2\/product_cat?post=636"},{"taxonomy":"product_tag","embeddable":true,"href":"https:\/\/silk-pajamas.com\/pt\/wp-json\/wp\/v2\/product_tag?post=636"}],"curies":[{"name":"wp","href":"https:\/\/api.w.org\/{rel}","templated":true}]}}