{"id":637,"date":"2026-04-12T15:43:13","date_gmt":"2026-04-12T15:43:13","guid":{"rendered":"https:\/\/silk-pajamas.com\/22-momme-crepe-silk-lounge-bottoms-piped-leopard-vendor\/"},"modified":"2026-05-09T07:16:42","modified_gmt":"2026-05-09T07:16:42","slug":"22-momme-crepe-silk-lounge-bottoms-piped-leopard-vendor","status":"publish","type":"product","link":"https:\/\/silk-pajamas.com\/pt\/22-momme-crepe-silk-lounge-bottoms-piped-leopard-vendor\/","title":{"rendered":"22 Momme Crepe Silk Lounge Bottoms Piped Leopard Vendor"},"content":{"rendered":"<p>Este pijama \u00e9 confeccionado em crepe de seda 22 momme num tom de leopardo. Apresenta debrum, um toque suave e um drapeado confort\u00e1vel para homem e mulher. O estilo \u00e9 compat\u00edvel com os tamanhos XS, S, M, L, XL, XXL e funciona bem para usar no ver\u00e3o, para oferecer e para o conforto di\u00e1rio. Lavar \u00e0 m\u00e3o a frio ou utilizar um ciclo suave.<\/p>","protected":false},"excerpt":{"rendered":"<p>22 Cal\u00e7as de dormir em seda Momme Crepe em Leopardo. Acabamento com vivo, toque respir\u00e1vel e tamanhos XS, S, M, L, XL, XXL. Concebidas para homem e mulher.<\/p>","protected":false},"featured_media":2331,"template":"","meta":{"_gspb_post_css":""},"product_brand":[],"product_cat":[26],"product_tag":[271,272,273],"class_list":{"0":"post-637","1":"product","2":"type-product","3":"status-publish","4":"has-post-thumbnail","6":"product_cat-silk-sleep-bottoms","7":"product_tag-22-momme-silk-sleep-pants-leopard","8":"product_tag-crepe-silk-sleep-pants-piped","9":"product_tag-vendor-silk-sleep-pants-for-women-and-men","11":"first","12":"instock","13":"featured","14":"shipping-taxable","15":"purchasable","16":"product-type-simple"},"_links":{"self":[{"href":"https:\/\/silk-pajamas.com\/pt\/wp-json\/wp\/v2\/product\/637","targetHints":{"allow":["GET"]}}],"collection":[{"href":"https:\/\/silk-pajamas.com\/pt\/wp-json\/wp\/v2\/product"}],"about":[{"href":"https:\/\/silk-pajamas.com\/pt\/wp-json\/wp\/v2\/types\/product"}],"wp:featuredmedia":[{"embeddable":true,"href":"https:\/\/silk-pajamas.com\/pt\/wp-json\/wp\/v2\/media\/2331"}],"wp:attachment":[{"href":"https:\/\/silk-pajamas.com\/pt\/wp-json\/wp\/v2\/media?parent=637"}],"wp:term":[{"taxonomy":"product_brand","embeddable":true,"href":"https:\/\/silk-pajamas.com\/pt\/wp-json\/wp\/v2\/product_brand?post=637"},{"taxonomy":"product_cat","embeddable":true,"href":"https:\/\/silk-pajamas.com\/pt\/wp-json\/wp\/v2\/product_cat?post=637"},{"taxonomy":"product_tag","embeddable":true,"href":"https:\/\/silk-pajamas.com\/pt\/wp-json\/wp\/v2\/product_tag?post=637"}],"curies":[{"name":"wp","href":"https:\/\/api.w.org\/{rel}","templated":true}]}}