{"id":640,"date":"2026-04-12T15:43:14","date_gmt":"2026-04-12T15:43:14","guid":{"rendered":"https:\/\/silk-pajamas.com\/22-momme-crepe-silk-lounge-bottoms-drawstring-black\/"},"modified":"2026-05-08T12:50:55","modified_gmt":"2026-05-08T12:50:55","slug":"22-momme-crepe-silk-lounge-bottoms-drawstring-black","status":"publish","type":"product","link":"https:\/\/silk-pajamas.com\/pt\/22-momme-crepe-silk-lounge-bottoms-drawstring-black\/","title":{"rendered":"22 Momme Crepe Silk Lounge Bottoms Drawstring Preto"},"content":{"rendered":"<p>Feitos com crepe de seda 22 momme, estes cal\u00e7\u00f5es de dormir oferecem um drapeado suave, um toque suave na pele e um movimento elegante. A constru\u00e7\u00e3o com cord\u00e3o e a cor preta mant\u00eam o look polido para homem e mulher. Dispon\u00edvel em Personalizado. Lavar \u00e0 m\u00e3o a frio ou utilizar um ciclo suave.<\/p>","protected":false},"excerpt":{"rendered":"<p>22 Cal\u00e7as de dormir Momme Crepe de seda em preto. Acabamento com cord\u00e3o, toque suave e gama de tamanhos Custom. Concebidas para homem e mulher.<\/p>","protected":false},"featured_media":2343,"template":"","meta":{"_gspb_post_css":""},"product_brand":[],"product_cat":[26],"product_tag":[280,281,282],"class_list":{"0":"post-640","1":"product","2":"type-product","3":"status-publish","4":"has-post-thumbnail","6":"product_cat-silk-sleep-bottoms","7":"product_tag-22-momme-silk-sleep-pants-black","8":"product_tag-crepe-silk-sleep-pants-drawstring","9":"product_tag-factory-silk-sleep-pants-for-women-and-men","11":"first","12":"instock","13":"shipping-taxable","14":"purchasable","15":"product-type-simple"},"_links":{"self":[{"href":"https:\/\/silk-pajamas.com\/pt\/wp-json\/wp\/v2\/product\/640","targetHints":{"allow":["GET"]}}],"collection":[{"href":"https:\/\/silk-pajamas.com\/pt\/wp-json\/wp\/v2\/product"}],"about":[{"href":"https:\/\/silk-pajamas.com\/pt\/wp-json\/wp\/v2\/types\/product"}],"wp:featuredmedia":[{"embeddable":true,"href":"https:\/\/silk-pajamas.com\/pt\/wp-json\/wp\/v2\/media\/2343"}],"wp:attachment":[{"href":"https:\/\/silk-pajamas.com\/pt\/wp-json\/wp\/v2\/media?parent=640"}],"wp:term":[{"taxonomy":"product_brand","embeddable":true,"href":"https:\/\/silk-pajamas.com\/pt\/wp-json\/wp\/v2\/product_brand?post=640"},{"taxonomy":"product_cat","embeddable":true,"href":"https:\/\/silk-pajamas.com\/pt\/wp-json\/wp\/v2\/product_cat?post=640"},{"taxonomy":"product_tag","embeddable":true,"href":"https:\/\/silk-pajamas.com\/pt\/wp-json\/wp\/v2\/product_tag?post=640"}],"curies":[{"name":"wp","href":"https:\/\/api.w.org\/{rel}","templated":true}]}}