{"id":641,"date":"2026-04-12T15:43:14","date_gmt":"2026-04-12T15:43:14","guid":{"rendered":"https:\/\/silk-pajamas.com\/25-momme-crepe-silk-sleep-shorts-piped-wine-wholesale\/"},"modified":"2026-05-08T12:54:19","modified_gmt":"2026-05-08T12:54:19","slug":"25-momme-crepe-silk-sleep-shorts-piped-wine-wholesale","status":"publish","type":"product","link":"https:\/\/silk-pajamas.com\/pt\/25-momme-crepe-silk-sleep-shorts-piped-wine-wholesale\/","title":{"rendered":"25 Momme Crepe Silk Sleep Shorts Piped Wine Wholesale"},"content":{"rendered":"<p>Este pijama \u00e9 feito de crepe de seda 25 momme num tom de vinho. Tem debrum, um toque suave e um drapeado confort\u00e1vel para utiliza\u00e7\u00e3o em viagem. O estilo \u00e9 compat\u00edvel com os tamanhos XS, S, M, L, XL, XXL e funciona bem para usar no outono, para oferecer e para o conforto di\u00e1rio. Lavar \u00e0 m\u00e3o a frio ou utilizar um ciclo suave.<\/p>","protected":false},"excerpt":{"rendered":"<p>25 Cal\u00e7as de dormir em seda Momme Crepe em vinho. Acabamento com vivo, toque suave e gama de tamanhos XS, S, M, L, XL, XXL. Concebidas para utiliza\u00e7\u00e3o em viagem.<\/p>","protected":false},"featured_media":2349,"template":"","meta":{"_gspb_post_css":""},"product_brand":[],"product_cat":[26],"product_tag":[283,272,284],"class_list":{"0":"post-641","1":"product","2":"type-product","3":"status-publish","4":"has-post-thumbnail","6":"product_cat-silk-sleep-bottoms","7":"product_tag-25-momme-silk-sleep-pants-wine","8":"product_tag-crepe-silk-sleep-pants-piped","9":"product_tag-manufacturer-silk-sleep-pants-for-travel-use","11":"first","12":"instock","13":"shipping-taxable","14":"purchasable","15":"product-type-simple"},"_links":{"self":[{"href":"https:\/\/silk-pajamas.com\/pt\/wp-json\/wp\/v2\/product\/641","targetHints":{"allow":["GET"]}}],"collection":[{"href":"https:\/\/silk-pajamas.com\/pt\/wp-json\/wp\/v2\/product"}],"about":[{"href":"https:\/\/silk-pajamas.com\/pt\/wp-json\/wp\/v2\/types\/product"}],"wp:featuredmedia":[{"embeddable":true,"href":"https:\/\/silk-pajamas.com\/pt\/wp-json\/wp\/v2\/media\/2349"}],"wp:attachment":[{"href":"https:\/\/silk-pajamas.com\/pt\/wp-json\/wp\/v2\/media?parent=641"}],"wp:term":[{"taxonomy":"product_brand","embeddable":true,"href":"https:\/\/silk-pajamas.com\/pt\/wp-json\/wp\/v2\/product_brand?post=641"},{"taxonomy":"product_cat","embeddable":true,"href":"https:\/\/silk-pajamas.com\/pt\/wp-json\/wp\/v2\/product_cat?post=641"},{"taxonomy":"product_tag","embeddable":true,"href":"https:\/\/silk-pajamas.com\/pt\/wp-json\/wp\/v2\/product_tag?post=641"}],"curies":[{"name":"wp","href":"https:\/\/api.w.org\/{rel}","templated":true}]}}