{"id":644,"date":"2026-04-12T15:43:14","date_gmt":"2026-04-12T15:43:14","guid":{"rendered":"https:\/\/silk-pajamas.com\/19-momme-sandwashed-silk-lounge-bottoms-piped-black\/"},"modified":"2026-05-08T12:57:29","modified_gmt":"2026-05-08T12:57:29","slug":"19-momme-sandwashed-silk-lounge-bottoms-piped-black","status":"publish","type":"product","link":"https:\/\/silk-pajamas.com\/pt\/19-momme-sandwashed-silk-lounge-bottoms-piped-black\/","title":{"rendered":"19 Momme Cal\u00e7as de seda com corte de seda com tubagem Preto"},"content":{"rendered":"<p>Feita com seda de 19 mm, esta camisola de dormir oferece um drapeado suave, uma sensa\u00e7\u00e3o suave na pele e um movimento elegante. A constru\u00e7\u00e3o com debrum e a cor preta mant\u00eam o look polido para homem. Dispon\u00edvel em XS, S, M, L, XL, XXL. Lavar \u00e0 m\u00e3o a frio ou utilizar um ciclo suave.<\/p>","protected":false},"excerpt":{"rendered":"<p>19 Momme Cal\u00e7as de dormir de seda Sandwashed em preto. Acabamento com canos, toque suave e gama de tamanhos XS, S, M, L, XL, XXL. Concebidas para homem.<\/p>","protected":false},"featured_media":2345,"template":"","meta":{"_gspb_post_css":""},"product_brand":[],"product_cat":[26],"product_tag":[289,290,287],"class_list":{"0":"post-644","1":"product","2":"type-product","3":"status-publish","4":"has-post-thumbnail","6":"product_cat-silk-sleep-bottoms","7":"product_tag-19-momme-silk-sleep-pants-black","8":"product_tag-sandwashed-silk-sleep-pants-piped","9":"product_tag-wholesale-silk-sleep-pants-for-men","11":"first","12":"instock","13":"shipping-taxable","14":"purchasable","15":"product-type-simple"},"_links":{"self":[{"href":"https:\/\/silk-pajamas.com\/pt\/wp-json\/wp\/v2\/product\/644","targetHints":{"allow":["GET"]}}],"collection":[{"href":"https:\/\/silk-pajamas.com\/pt\/wp-json\/wp\/v2\/product"}],"about":[{"href":"https:\/\/silk-pajamas.com\/pt\/wp-json\/wp\/v2\/types\/product"}],"wp:featuredmedia":[{"embeddable":true,"href":"https:\/\/silk-pajamas.com\/pt\/wp-json\/wp\/v2\/media\/2345"}],"wp:attachment":[{"href":"https:\/\/silk-pajamas.com\/pt\/wp-json\/wp\/v2\/media?parent=644"}],"wp:term":[{"taxonomy":"product_brand","embeddable":true,"href":"https:\/\/silk-pajamas.com\/pt\/wp-json\/wp\/v2\/product_brand?post=644"},{"taxonomy":"product_cat","embeddable":true,"href":"https:\/\/silk-pajamas.com\/pt\/wp-json\/wp\/v2\/product_cat?post=644"},{"taxonomy":"product_tag","embeddable":true,"href":"https:\/\/silk-pajamas.com\/pt\/wp-json\/wp\/v2\/product_tag?post=644"}],"curies":[{"name":"wp","href":"https:\/\/api.w.org\/{rel}","templated":true}]}}