{"id":645,"date":"2026-04-12T15:43:14","date_gmt":"2026-04-12T15:43:14","guid":{"rendered":"https:\/\/silk-pajamas.com\/22-momme-charmeuse-silk-sleep-shorts-wide-leg-floral\/"},"modified":"2026-05-08T12:59:07","modified_gmt":"2026-05-08T12:59:07","slug":"22-momme-charmeuse-silk-sleep-shorts-wide-leg-floral","status":"publish","type":"product","link":"https:\/\/silk-pajamas.com\/pt\/22-momme-charmeuse-silk-sleep-shorts-wide-leg-floral\/","title":{"rendered":"22 Momme Charmeuse Silk Sleep Shorts Wide Leg Floral"},"content":{"rendered":"<p>Confeccionadas em seda momme charmeuse 22, estas cal\u00e7as de dormir combinam o pormenor das pernas largas com um brilho suave e um toque respir\u00e1vel. O acabamento floral confere-lhe um aspeto requintado, enquanto os tamanhos XS, S, M, L, XL, XXL ajudam a cobrir as necessidades b\u00e1sicas. Adequado para homens e guarda-roupas de primavera. Lavar \u00e0 m\u00e3o a frio ou utilizar um ciclo suave.<\/p>","protected":false},"excerpt":{"rendered":"<p>22 Cal\u00e7as de dormir em seda Momme Charmeuse em floral. Acabamento de perna larga, toque suave e gama de tamanhos XS, S, M, L, XL, XXL. Concebido para homem.<\/p>","protected":false},"featured_media":2355,"template":"","meta":{"_gspb_post_css":""},"product_brand":[],"product_cat":[26],"product_tag":[291,292,293],"class_list":{"0":"post-645","1":"product","2":"type-product","3":"status-publish","4":"has-post-thumbnail","6":"product_cat-silk-sleep-bottoms","7":"product_tag-22-momme-silk-sleep-pants-floral","8":"product_tag-charmeuse-silk-sleep-pants-wide-leg","9":"product_tag-manufacturer-silk-sleep-pants-for-men","11":"first","12":"instock","13":"shipping-taxable","14":"purchasable","15":"product-type-simple"},"_links":{"self":[{"href":"https:\/\/silk-pajamas.com\/pt\/wp-json\/wp\/v2\/product\/645","targetHints":{"allow":["GET"]}}],"collection":[{"href":"https:\/\/silk-pajamas.com\/pt\/wp-json\/wp\/v2\/product"}],"about":[{"href":"https:\/\/silk-pajamas.com\/pt\/wp-json\/wp\/v2\/types\/product"}],"wp:featuredmedia":[{"embeddable":true,"href":"https:\/\/silk-pajamas.com\/pt\/wp-json\/wp\/v2\/media\/2355"}],"wp:attachment":[{"href":"https:\/\/silk-pajamas.com\/pt\/wp-json\/wp\/v2\/media?parent=645"}],"wp:term":[{"taxonomy":"product_brand","embeddable":true,"href":"https:\/\/silk-pajamas.com\/pt\/wp-json\/wp\/v2\/product_brand?post=645"},{"taxonomy":"product_cat","embeddable":true,"href":"https:\/\/silk-pajamas.com\/pt\/wp-json\/wp\/v2\/product_cat?post=645"},{"taxonomy":"product_tag","embeddable":true,"href":"https:\/\/silk-pajamas.com\/pt\/wp-json\/wp\/v2\/product_tag?post=645"}],"curies":[{"name":"wp","href":"https:\/\/api.w.org\/{rel}","templated":true}]}}