{"id":646,"date":"2026-04-12T15:43:14","date_gmt":"2026-04-12T15:43:14","guid":{"rendered":"https:\/\/silk-pajamas.com\/19-momme-crepe-silk-sleep-shorts-piped-coffee-factory\/"},"modified":"2026-05-08T12:59:39","modified_gmt":"2026-05-08T12:59:39","slug":"19-momme-crepe-silk-sleep-shorts-piped-coffee-factory","status":"publish","type":"product","link":"https:\/\/silk-pajamas.com\/pt\/19-momme-crepe-silk-sleep-shorts-piped-coffee-factory\/","title":{"rendered":"19 Momme Crepe Silk Sleep Shorts Piped Coffee Factory"},"content":{"rendered":"<p>Confeccionada em crepe de seda 19 momme, esta camisola de dormir combina pormenores com um brilho suave e um toque respir\u00e1vel. O acabamento em caf\u00e9 confere-lhe um aspeto requintado, enquanto os tamanhos S, M, L, XL ajudam a cobrir as principais necessidades. Adequado para mulheres e homens e para o guarda-roupa de ver\u00e3o. Lavar \u00e0 m\u00e3o a frio ou utilizar um ciclo suave.<\/p>","protected":false},"excerpt":{"rendered":"<p>19 Cal\u00e7as de dormir em seda Crepe Momme Caf\u00e9. Acabamento com vivo, toque resistente \u00e0s rugas e tamanhos S, M, L, XL. Concebidas para homem e mulher.<\/p>","protected":false},"featured_media":2322,"template":"","meta":{"_gspb_post_css":""},"product_brand":[],"product_cat":[26],"product_tag":[294,272,273],"class_list":{"0":"post-646","1":"product","2":"type-product","3":"status-publish","4":"has-post-thumbnail","6":"product_cat-silk-sleep-bottoms","7":"product_tag-19-momme-silk-sleep-pants-coffee","8":"product_tag-crepe-silk-sleep-pants-piped","9":"product_tag-vendor-silk-sleep-pants-for-women-and-men","11":"first","12":"instock","13":"shipping-taxable","14":"purchasable","15":"product-type-simple"},"_links":{"self":[{"href":"https:\/\/silk-pajamas.com\/pt\/wp-json\/wp\/v2\/product\/646","targetHints":{"allow":["GET"]}}],"collection":[{"href":"https:\/\/silk-pajamas.com\/pt\/wp-json\/wp\/v2\/product"}],"about":[{"href":"https:\/\/silk-pajamas.com\/pt\/wp-json\/wp\/v2\/types\/product"}],"wp:featuredmedia":[{"embeddable":true,"href":"https:\/\/silk-pajamas.com\/pt\/wp-json\/wp\/v2\/media\/2322"}],"wp:attachment":[{"href":"https:\/\/silk-pajamas.com\/pt\/wp-json\/wp\/v2\/media?parent=646"}],"wp:term":[{"taxonomy":"product_brand","embeddable":true,"href":"https:\/\/silk-pajamas.com\/pt\/wp-json\/wp\/v2\/product_brand?post=646"},{"taxonomy":"product_cat","embeddable":true,"href":"https:\/\/silk-pajamas.com\/pt\/wp-json\/wp\/v2\/product_cat?post=646"},{"taxonomy":"product_tag","embeddable":true,"href":"https:\/\/silk-pajamas.com\/pt\/wp-json\/wp\/v2\/product_tag?post=646"}],"curies":[{"name":"wp","href":"https:\/\/api.w.org\/{rel}","templated":true}]}}