{"id":647,"date":"2026-04-12T15:43:14","date_gmt":"2026-04-12T15:43:14","guid":{"rendered":"https:\/\/silk-pajamas.com\/22-momme-charmeuse-silk-lounge-bottoms-piped-sky-blue\/"},"modified":"2026-05-08T13:00:02","modified_gmt":"2026-05-08T13:00:02","slug":"22-momme-charmeuse-silk-lounge-bottoms-piped-sky-blue","status":"publish","type":"product","link":"https:\/\/silk-pajamas.com\/pt\/22-momme-charmeuse-silk-lounge-bottoms-piped-sky-blue\/","title":{"rendered":"22 Momme Charmeuse Silk Lounge Bottoms Piped Sky Blue"},"content":{"rendered":"<p>Feitos com seda charmeuse 22 momme, estes cal\u00e7\u00f5es de dormir s\u00e3o resistentes \u00e0s rugas, t\u00eam um toque suave na pele e um movimento elegante. A constru\u00e7\u00e3o com debrum e a cor azul-celeste mant\u00eam o look polido para homem. Dispon\u00edvel em XS, S, M, L, XL, XXL. Lavar \u00e0 m\u00e3o a frio ou utilizar um ciclo suave.<\/p>","protected":false},"excerpt":{"rendered":"<p>22 Cal\u00e7as de dormir em seda Momme Charmeuse em azul celeste. Acabamento com canos, toque resistente a rugas e gama de tamanhos XS, S, M, L, XL, XXL. Concebido para os homens.<\/p>","protected":false},"featured_media":2318,"template":"","meta":{"_gspb_post_css":""},"product_brand":[],"product_cat":[26],"product_tag":[295,296,297],"class_list":{"0":"post-647","1":"product","2":"type-product","3":"status-publish","4":"has-post-thumbnail","6":"product_cat-silk-sleep-bottoms","7":"product_tag-22-momme-silk-sleep-pants-sky-blue","8":"product_tag-charmeuse-silk-sleep-pants-piped","9":"product_tag-factory-silk-sleep-pants-for-men","11":"first","12":"instock","13":"featured","14":"shipping-taxable","15":"purchasable","16":"product-type-simple"},"_links":{"self":[{"href":"https:\/\/silk-pajamas.com\/pt\/wp-json\/wp\/v2\/product\/647","targetHints":{"allow":["GET"]}}],"collection":[{"href":"https:\/\/silk-pajamas.com\/pt\/wp-json\/wp\/v2\/product"}],"about":[{"href":"https:\/\/silk-pajamas.com\/pt\/wp-json\/wp\/v2\/types\/product"}],"wp:featuredmedia":[{"embeddable":true,"href":"https:\/\/silk-pajamas.com\/pt\/wp-json\/wp\/v2\/media\/2318"}],"wp:attachment":[{"href":"https:\/\/silk-pajamas.com\/pt\/wp-json\/wp\/v2\/media?parent=647"}],"wp:term":[{"taxonomy":"product_brand","embeddable":true,"href":"https:\/\/silk-pajamas.com\/pt\/wp-json\/wp\/v2\/product_brand?post=647"},{"taxonomy":"product_cat","embeddable":true,"href":"https:\/\/silk-pajamas.com\/pt\/wp-json\/wp\/v2\/product_cat?post=647"},{"taxonomy":"product_tag","embeddable":true,"href":"https:\/\/silk-pajamas.com\/pt\/wp-json\/wp\/v2\/product_tag?post=647"}],"curies":[{"name":"wp","href":"https:\/\/api.w.org\/{rel}","templated":true}]}}