{"id":651,"date":"2026-04-12T15:43:15","date_gmt":"2026-04-12T15:43:15","guid":{"rendered":"https:\/\/silk-pajamas.com\/16-momme-sandwashed-silk-lounge-bottoms-ankle-length-ivory\/"},"modified":"2026-05-08T10:02:51","modified_gmt":"2026-05-08T10:02:51","slug":"16-momme-sandwashed-silk-lounge-bottoms-ankle-length-ivory","status":"publish","type":"product","link":"https:\/\/silk-pajamas.com\/pt\/16-momme-sandwashed-silk-lounge-bottoms-ankle-length-ivory\/","title":{"rendered":"16 Momme Cal\u00e7as de seda com corte de malha Comprimento at\u00e9 ao tornozelo Marfim"},"content":{"rendered":"<p>Confeccionada em seda de 16 mm, esta camisola de dormir combina o pormenor do comprimento at\u00e9 ao tornozelo com um brilho suave e um toque respir\u00e1vel. O acabamento em marfim confere-lhe um aspeto requintado, enquanto os tamanhos Custom ajudam a cobrir as necessidades b\u00e1sicas. Adequado para homens e para todos os guarda-roupas da esta\u00e7\u00e3o. Lavar \u00e0 m\u00e3o a frio ou utilizar um ciclo suave.<\/p>","protected":false},"excerpt":{"rendered":"<p>16 Cal\u00e7as de dormir de seda Momme Sandwashed em marfim. Acabamento at\u00e9 ao tornozelo, toque resistente \u00e0s rugas e gama de tamanhos personalizada. Concebidas para homem.<\/p>","protected":false},"featured_media":2316,"template":"","meta":{"_gspb_post_css":""},"product_brand":[],"product_cat":[26],"product_tag":[305,297,306],"class_list":{"0":"post-651","1":"product","2":"type-product","3":"status-publish","4":"has-post-thumbnail","6":"product_cat-silk-sleep-bottoms","7":"product_tag-16-momme-silk-sleep-pants-ivory","8":"product_tag-factory-silk-sleep-pants-for-men","9":"product_tag-sandwashed-silk-sleep-pants-ankle-length","11":"first","12":"instock","13":"shipping-taxable","14":"purchasable","15":"product-type-simple"},"_links":{"self":[{"href":"https:\/\/silk-pajamas.com\/pt\/wp-json\/wp\/v2\/product\/651","targetHints":{"allow":["GET"]}}],"collection":[{"href":"https:\/\/silk-pajamas.com\/pt\/wp-json\/wp\/v2\/product"}],"about":[{"href":"https:\/\/silk-pajamas.com\/pt\/wp-json\/wp\/v2\/types\/product"}],"wp:featuredmedia":[{"embeddable":true,"href":"https:\/\/silk-pajamas.com\/pt\/wp-json\/wp\/v2\/media\/2316"}],"wp:attachment":[{"href":"https:\/\/silk-pajamas.com\/pt\/wp-json\/wp\/v2\/media?parent=651"}],"wp:term":[{"taxonomy":"product_brand","embeddable":true,"href":"https:\/\/silk-pajamas.com\/pt\/wp-json\/wp\/v2\/product_brand?post=651"},{"taxonomy":"product_cat","embeddable":true,"href":"https:\/\/silk-pajamas.com\/pt\/wp-json\/wp\/v2\/product_cat?post=651"},{"taxonomy":"product_tag","embeddable":true,"href":"https:\/\/silk-pajamas.com\/pt\/wp-json\/wp\/v2\/product_tag?post=651"}],"curies":[{"name":"wp","href":"https:\/\/api.w.org\/{rel}","templated":true}]}}