{"id":660,"date":"2026-04-12T15:43:16","date_gmt":"2026-04-12T15:43:16","guid":{"rendered":"https:\/\/silk-pajamas.com\/19-momme-sandwashed-silk-sleepshirt-long-sleeve-leopard\/"},"modified":"2026-05-08T09:52:15","modified_gmt":"2026-05-08T09:52:15","slug":"19-momme-sandwashed-silk-sleepshirt-long-sleeve-leopard","status":"publish","type":"product","link":"https:\/\/silk-pajamas.com\/pt\/19-momme-sandwashed-silk-sleepshirt-long-sleeve-leopard\/","title":{"rendered":"19 Momme Camisola de seda com barra de seda Manga comprida Leopardo"},"content":{"rendered":"<p>Esta camisa de dormir abotoada \u00e9 confeccionada em seda 19 momme com acabamento em areia num tom de leopardo. Apresenta manga comprida, um toque suave e um drapeado confort\u00e1vel para utiliza\u00e7\u00e3o em viagem. O estilo \u00e9 compat\u00edvel com os tamanhos Custom e funciona bem para usar no outono, para presentear e para o conforto di\u00e1rio. Lavar \u00e0 m\u00e3o a frio ou utilizar um ciclo suave.<\/p>","protected":false},"excerpt":{"rendered":"<p>19 Momme Camisa de dormir com bot\u00f5es em seda Sandwashed em Leopardo. Acabamento de manga comprida, toque suave e gama de tamanhos personalizada. Concebida para utiliza\u00e7\u00e3o em viagem.<\/p>","protected":false},"featured_media":2287,"template":"","meta":{"_gspb_post_css":""},"product_brand":[],"product_cat":[25],"product_tag":[321,323,322],"class_list":{"0":"post-660","1":"product","2":"type-product","3":"status-publish","4":"has-post-thumbnail","6":"product_cat-silk-sleepshirt","7":"product_tag-19-momme-silk-sleepshirt-leopard","8":"product_tag-manufacturer-silk-sleepshirt-for-travel-use","9":"product_tag-sandwashed-silk-sleepshirt-long-sleeve","11":"first","12":"instock","13":"shipping-taxable","14":"purchasable","15":"product-type-simple"},"_links":{"self":[{"href":"https:\/\/silk-pajamas.com\/pt\/wp-json\/wp\/v2\/product\/660","targetHints":{"allow":["GET"]}}],"collection":[{"href":"https:\/\/silk-pajamas.com\/pt\/wp-json\/wp\/v2\/product"}],"about":[{"href":"https:\/\/silk-pajamas.com\/pt\/wp-json\/wp\/v2\/types\/product"}],"wp:featuredmedia":[{"embeddable":true,"href":"https:\/\/silk-pajamas.com\/pt\/wp-json\/wp\/v2\/media\/2287"}],"wp:attachment":[{"href":"https:\/\/silk-pajamas.com\/pt\/wp-json\/wp\/v2\/media?parent=660"}],"wp:term":[{"taxonomy":"product_brand","embeddable":true,"href":"https:\/\/silk-pajamas.com\/pt\/wp-json\/wp\/v2\/product_brand?post=660"},{"taxonomy":"product_cat","embeddable":true,"href":"https:\/\/silk-pajamas.com\/pt\/wp-json\/wp\/v2\/product_cat?post=660"},{"taxonomy":"product_tag","embeddable":true,"href":"https:\/\/silk-pajamas.com\/pt\/wp-json\/wp\/v2\/product_tag?post=660"}],"curies":[{"name":"wp","href":"https:\/\/api.w.org\/{rel}","templated":true}]}}