{"id":661,"date":"2026-04-12T15:43:16","date_gmt":"2026-04-12T15:43:16","guid":{"rendered":"https:\/\/silk-pajamas.com\/19-momme-crepe-silk-sleepshirt-relaxed-fit-black\/"},"modified":"2026-05-08T09:54:00","modified_gmt":"2026-05-08T09:54:00","slug":"19-momme-crepe-silk-sleepshirt-relaxed-fit-black","status":"publish","type":"product","link":"https:\/\/silk-pajamas.com\/pt\/19-momme-crepe-silk-sleepshirt-relaxed-fit-black\/","title":{"rendered":"19 Momme Crepe Silk Sleepshirt Relaxed Fit Preto"},"content":{"rendered":"<p>Confeccionada em crepe de seda momme 19, esta camisa de dormir com bot\u00f5es combina detalhes de ajuste descontra\u00eddo com um brilho suave e um toque respir\u00e1vel. O acabamento em preto confere-lhe um aspeto requintado, enquanto os tamanhos XS, S, M, L, XL, XXL ajudam a cobrir a procura principal. Adequado para conjuntos de oferta e guarda-roupas de primavera. Lavar \u00e0 m\u00e3o a frio ou utilizar um ciclo suave.<\/p>","protected":false},"excerpt":{"rendered":"<p>19 Camisa de dormir Momme Crepe de seda com bot\u00f5es em preto. Acabamento Relaxed Fit, toque suave e gama de tamanhos XS, S, M, L, XL, XXL. Concebida para os conjuntos de oferta.<\/p>","protected":false},"featured_media":2292,"template":"","meta":{"_gspb_post_css":""},"product_brand":[],"product_cat":[25],"product_tag":[324,325,326],"class_list":{"0":"post-661","1":"product","2":"type-product","3":"status-publish","4":"has-post-thumbnail","6":"product_cat-silk-sleepshirt","7":"product_tag-19-momme-silk-sleepshirt-black","8":"product_tag-crepe-silk-sleepshirt-relaxed-fit","9":"product_tag-vendor-silk-sleepshirt-for-gift-assortments","11":"first","12":"instock","13":"shipping-taxable","14":"purchasable","15":"product-type-simple"},"_links":{"self":[{"href":"https:\/\/silk-pajamas.com\/pt\/wp-json\/wp\/v2\/product\/661","targetHints":{"allow":["GET"]}}],"collection":[{"href":"https:\/\/silk-pajamas.com\/pt\/wp-json\/wp\/v2\/product"}],"about":[{"href":"https:\/\/silk-pajamas.com\/pt\/wp-json\/wp\/v2\/types\/product"}],"wp:featuredmedia":[{"embeddable":true,"href":"https:\/\/silk-pajamas.com\/pt\/wp-json\/wp\/v2\/media\/2292"}],"wp:attachment":[{"href":"https:\/\/silk-pajamas.com\/pt\/wp-json\/wp\/v2\/media?parent=661"}],"wp:term":[{"taxonomy":"product_brand","embeddable":true,"href":"https:\/\/silk-pajamas.com\/pt\/wp-json\/wp\/v2\/product_brand?post=661"},{"taxonomy":"product_cat","embeddable":true,"href":"https:\/\/silk-pajamas.com\/pt\/wp-json\/wp\/v2\/product_cat?post=661"},{"taxonomy":"product_tag","embeddable":true,"href":"https:\/\/silk-pajamas.com\/pt\/wp-json\/wp\/v2\/product_tag?post=661"}],"curies":[{"name":"wp","href":"https:\/\/api.w.org\/{rel}","templated":true}]}}