{"id":662,"date":"2026-04-12T15:43:16","date_gmt":"2026-04-12T15:43:16","guid":{"rendered":"https:\/\/silk-pajamas.com\/16-momme-charmeuse-silk-sleep-shirt-piped-pearl-supplier\/"},"modified":"2026-05-08T09:55:36","modified_gmt":"2026-05-08T09:55:36","slug":"16-momme-charmeuse-silk-sleep-shirt-piped-pearl-supplier","status":"publish","type":"product","link":"https:\/\/silk-pajamas.com\/pt\/16-momme-charmeuse-silk-sleep-shirt-piped-pearl-supplier\/","title":{"rendered":"16 Momme Charmeuse Silk Sleep Shirt Piped Pearl Supplier"},"content":{"rendered":"<p>Confeccionada em seda momme charmeuse 16, esta camisa de dormir abotoada combina pormenores com um brilho suave e um toque respir\u00e1vel. O acabamento em p\u00e9rola confere-lhe um aspeto requintado, enquanto os tamanhos Custom ajudam a cobrir as principais necessidades. Adequada para guarda-roupas de mulher e de primavera. Lavar \u00e0 m\u00e3o a frio ou utilizar um ciclo suave.<\/p>","protected":false},"excerpt":{"rendered":"<p>Camisa de dormir com bot\u00f5es em seda Momme Charmeuse 16 em P\u00e9rola. Acabamento com vivo, toque resistente \u00e0s rugas e gama de tamanhos Custom. Concebido para as mulheres.<\/p>","protected":false},"featured_media":2299,"template":"","meta":{"_gspb_post_css":""},"product_brand":[],"product_cat":[25],"product_tag":[327,328,329],"class_list":{"0":"post-662","1":"product","2":"type-product","3":"status-publish","4":"has-post-thumbnail","6":"product_cat-silk-sleepshirt","7":"product_tag-16-momme-silk-sleepshirt-pearl","8":"product_tag-charmeuse-silk-sleepshirt-piped","9":"product_tag-factory-silk-sleepshirt-for-women","11":"first","12":"instock","13":"shipping-taxable","14":"purchasable","15":"product-type-simple"},"_links":{"self":[{"href":"https:\/\/silk-pajamas.com\/pt\/wp-json\/wp\/v2\/product\/662","targetHints":{"allow":["GET"]}}],"collection":[{"href":"https:\/\/silk-pajamas.com\/pt\/wp-json\/wp\/v2\/product"}],"about":[{"href":"https:\/\/silk-pajamas.com\/pt\/wp-json\/wp\/v2\/types\/product"}],"wp:featuredmedia":[{"embeddable":true,"href":"https:\/\/silk-pajamas.com\/pt\/wp-json\/wp\/v2\/media\/2299"}],"wp:attachment":[{"href":"https:\/\/silk-pajamas.com\/pt\/wp-json\/wp\/v2\/media?parent=662"}],"wp:term":[{"taxonomy":"product_brand","embeddable":true,"href":"https:\/\/silk-pajamas.com\/pt\/wp-json\/wp\/v2\/product_brand?post=662"},{"taxonomy":"product_cat","embeddable":true,"href":"https:\/\/silk-pajamas.com\/pt\/wp-json\/wp\/v2\/product_cat?post=662"},{"taxonomy":"product_tag","embeddable":true,"href":"https:\/\/silk-pajamas.com\/pt\/wp-json\/wp\/v2\/product_tag?post=662"}],"curies":[{"name":"wp","href":"https:\/\/api.w.org\/{rel}","templated":true}]}}