{"id":663,"date":"2026-04-12T15:43:16","date_gmt":"2026-04-12T15:43:16","guid":{"rendered":"https:\/\/silk-pajamas.com\/22-momme-mulberry-silk-sleepshirt-piped-leopard-factory\/"},"modified":"2026-05-08T09:56:07","modified_gmt":"2026-05-08T09:56:07","slug":"22-momme-mulberry-silk-sleepshirt-piped-leopard-factory","status":"publish","type":"product","link":"https:\/\/silk-pajamas.com\/pt\/22-momme-mulberry-silk-sleepshirt-piped-leopard-factory\/","title":{"rendered":"22 Momme Mulberry Camisola de seda com canelado Leopardo Factory"},"content":{"rendered":"<p>Confeccionada em seda de amora 22 momme, esta camisa de dormir abotoada combina pormenores de canos com um brilho suave e um toque respir\u00e1vel. O acabamento em leopardo confere-lhe um aspeto requintado, enquanto os tamanhos S, M, L, XL ajudam a cobrir as necessidades b\u00e1sicas. Adequada para utiliza\u00e7\u00e3o em viagem e para guarda-roupas de primavera. Lavar \u00e0 m\u00e3o a frio ou utilizar um ciclo suave.<\/p>","protected":false},"excerpt":{"rendered":"<p>22 Camisa de dormir Momme Mulberry com bot\u00f5es de seda em Leopardo. Acabamento com vivo, toque leve e tamanhos S, M, L, XL. Concebida para utiliza\u00e7\u00e3o em viagem.<\/p>","protected":false},"featured_media":2290,"template":"","meta":{"_gspb_post_css":""},"product_brand":[],"product_cat":[25],"product_tag":[330,323,331],"class_list":{"0":"post-663","1":"product","2":"type-product","3":"status-publish","4":"has-post-thumbnail","6":"product_cat-silk-sleepshirt","7":"product_tag-22-momme-silk-sleepshirt-leopard","8":"product_tag-manufacturer-silk-sleepshirt-for-travel-use","9":"product_tag-mulberry-silk-sleepshirt-piped","11":"first","12":"instock","13":"featured","14":"shipping-taxable","15":"purchasable","16":"product-type-simple"},"_links":{"self":[{"href":"https:\/\/silk-pajamas.com\/pt\/wp-json\/wp\/v2\/product\/663","targetHints":{"allow":["GET"]}}],"collection":[{"href":"https:\/\/silk-pajamas.com\/pt\/wp-json\/wp\/v2\/product"}],"about":[{"href":"https:\/\/silk-pajamas.com\/pt\/wp-json\/wp\/v2\/types\/product"}],"wp:featuredmedia":[{"embeddable":true,"href":"https:\/\/silk-pajamas.com\/pt\/wp-json\/wp\/v2\/media\/2290"}],"wp:attachment":[{"href":"https:\/\/silk-pajamas.com\/pt\/wp-json\/wp\/v2\/media?parent=663"}],"wp:term":[{"taxonomy":"product_brand","embeddable":true,"href":"https:\/\/silk-pajamas.com\/pt\/wp-json\/wp\/v2\/product_brand?post=663"},{"taxonomy":"product_cat","embeddable":true,"href":"https:\/\/silk-pajamas.com\/pt\/wp-json\/wp\/v2\/product_cat?post=663"},{"taxonomy":"product_tag","embeddable":true,"href":"https:\/\/silk-pajamas.com\/pt\/wp-json\/wp\/v2\/product_tag?post=663"}],"curies":[{"name":"wp","href":"https:\/\/api.w.org\/{rel}","templated":true}]}}